{"id":300,"date":"2025-05-31T11:30:53","date_gmt":"2025-05-31T17:30:53","guid":{"rendered":"https:\/\/wishlistlms.com\/?page_id=300"},"modified":"2026-04-07T16:13:05","modified_gmt":"2026-04-07T22:13:05","slug":"suporte","status":"publish","type":"page","link":"https:\/\/wishlistlms.com\/pt\/support\/","title":{"rendered":"Suporte"},"content":{"rendered":"<div class=\"wp-block-group alignfull is-style-maurice-layout-container has-primary-for-background-background-color has-background has-global-padding is-layout-constrained wp-container-core-group-is-layout-7cbc5be6 wp-block-group-is-layout-constrained is-style-maurice-layout-container--1\">\n<div class=\"wp-block-group is-style-maurice-widget-container has-border-color has-contrast-border-color has-global-padding is-layout-constrained wp-block-group-is-layout-constrained is-style-maurice-widget-container--2\" style=\"border-width:1px\">\n<h4 class=\"wp-block-heading has-text-align-center\"><strong>Base de conhecimento<\/strong><\/h4>\n\n\n\n<p class=\"has-normal-font-size\">Explore nossa biblioteca completa de documentos de suporte para ajud\u00e1-lo a aproveitar ao m\u00e1ximo o WishList LMS. Voc\u00ea encontrar\u00e1 guias passo a passo, dicas \u00fateis e v\u00eddeos tutoriais que abrangem todos os recursos, desde a configura\u00e7\u00e3o do curso at\u00e9 as ferramentas avan\u00e7adas do LMS.<\/p>\n\n\n\n<div class=\"wp-block-buttons is-content-justification-center is-layout-flex wp-container-core-buttons-is-layout-a89b3969 wp-block-buttons-is-layout-flex\">\n<div class=\"wp-block-button\"><a class=\"wp-block-button__link wp-element-button\" href=\"https:\/\/wishlistlms.com\/pt\/documentos\/\">Exibir documentos de suporte<\/a><\/div>\n<\/div>\n<\/div>\n\n\n\n<div class=\"wp-block-group is-style-maurice-widget-container has-border-color has-contrast-border-color has-global-padding is-layout-constrained wp-block-group-is-layout-constrained is-style-maurice-widget-container--3\" style=\"border-width:1px\">\n<h4 class=\"wp-block-heading has-text-align-center\">Novo no WishList LMS?<\/h4>\n\n\n\n<p class=\"has-normal-font-size\">Explore nossas p\u00e1ginas de documenta\u00e7\u00e3o e recursos. Se ainda tiver alguma d\u00favida, clique no bot\u00e3o Fale conosco abaixo. Entraremos em contato com voc\u00ea assim que poss\u00edvel.<\/p>\n\n\n\n<div class=\"wp-block-buttons is-content-justification-center is-layout-flex wp-container-core-buttons-is-layout-a89b3969 wp-block-buttons-is-layout-flex\">\n<div class=\"wp-block-button\"><a class=\"wp-block-button__link wp-element-button\" href=\"https:\/\/wishlistlms.com\/pt\/documentos\/\">Exibir documentos de suporte<\/a><\/div>\n\n\n\n<div class=\"wp-block-button\"><a class=\"wp-block-button__link wp-element-button\" href=\"https:\/\/wishlistlms.com\/pt\/contato\/\">Entre em contato conosco<\/a><\/div>\n<\/div>\n<\/div>\n\n\n\n<div class=\"wp-block-group is-style-maurice-widget-container has-border-color has-contrast-border-color has-global-padding is-layout-constrained wp-block-group-is-layout-constrained is-style-maurice-widget-container--4\" style=\"border-width:1px\">\n<h4 class=\"wp-block-heading has-text-align-center\">Lista de desejos de usu\u00e1rios licenciados do LMS<\/h4>\n\n\n\n<p class=\"has-normal-font-size\">Se voc\u00ea adquiriu uma licen\u00e7a do WishList LMS Pro e tem uma assinatura de suporte ativa, pode enviar um t\u00edquete a qualquer momento por meio da nossa p\u00e1gina de Solicita\u00e7\u00e3o de Suporte Premium usando o login da sua conta. <\/p>\n\n\n\n<p class=\"has-normal-font-size\">Depois que sua solicita\u00e7\u00e3o for enviada, nossa equipe tentar\u00e1 entrar em contato com voc\u00ea em um ou dois dias \u00fateis.<\/p>\n\n\n\n<p class=\"has-normal-font-size\">O suporte est\u00e1 dispon\u00edvel de segunda a sexta-feira, das 9h \u00e0s 17h (hor\u00e1rio das montanhas dos EUA), exceto nos feriados padr\u00e3o dos EUA.<\/p>\n\n\n\n<div class=\"wp-block-buttons is-content-justification-center is-layout-flex wp-container-core-buttons-is-layout-a89b3969 wp-block-buttons-is-layout-flex\">\n<div class=\"wp-block-button\"><a class=\"wp-block-button__link wp-element-button\" href=\"https:\/\/wishlistlms.com\/pt\/solicitacao-de-suporte-premium\/\">Suporte de contato<\/a><\/div>\n<\/div>\n<\/div>\n<\/div>","protected":false},"excerpt":{"rendered":"<p>Knowledge Base Explore our full library of Support Docs to help you make the most of WishList LMS. You\u2019ll find step-by-step guides, helpful tips, and tutorial videos covering every feature\u2014from course setup to advanced LMS tools. New to WishList LMS? Explore our documentation and feature pages. If you still have some questions, click the Contact&hellip;<\/p>","protected":false},"author":3,"featured_media":0,"parent":0,"menu_order":0,"comment_status":"closed","ping_status":"closed","template":"","meta":{"om_disable_all_campaigns":false,"_monsterinsights_skip_tracking":false,"_monsterinsights_sitenote_active":false,"_monsterinsights_sitenote_note":"","_monsterinsights_sitenote_category":0,"footnotes":"","maurice_hero_tagline":"","maurice_hero_title":"WishList LMS Support","maurice_hero_subtitle":"Running your own platform doesn\u2019t mean going at it alone. Our support docs, guides,<br \/>and Customer Success team are always here whenever you need assistance.","maurice_hero_cta_link":"","maurice_hero_cta_text":""},"class_list":["post-300","page","type-page","status-publish","hentry"],"aioseo_notices":[],"aioseo_head":"\n\t\t<!-- All in One SEO Pro 4.9.5.2 - aioseo.com -->\n\t<meta name=\"description\" content=\"Knowledge Base Explore our full library of Support Docs to help you make the most of WishList LMS. You\u2019ll find step-by-step guides, helpful tips, and tutorial videos covering every feature\u2014from course setup to advanced LMS tools. View Support Docs New to WishList LMS? Explore our documentation and feature pages. If you still have some questions,\" \/>\n\t<meta name=\"robots\" content=\"max-image-preview:large\" \/>\n\t<link rel=\"canonical\" href=\"https:\/\/wishlistlms.com\/pt\/support\/\" \/>\n\t<meta name=\"generator\" content=\"All in One SEO Pro (AIOSEO) 4.9.5.2\" \/>\n\t\t<meta property=\"og:locale\" content=\"pt_BR\" \/>\n\t\t<meta property=\"og:site_name\" content=\"WishList LMS -\" \/>\n\t\t<meta property=\"og:type\" content=\"article\" \/>\n\t\t<meta property=\"og:title\" content=\"Support - WishList LMS\" \/>\n\t\t<meta property=\"og:description\" content=\"Knowledge Base Explore our full library of Support Docs to help you make the most of WishList LMS. You\u2019ll find step-by-step guides, helpful tips, and tutorial videos covering every feature\u2014from course setup to advanced LMS tools. View Support Docs New to WishList LMS? Explore our documentation and feature pages. If you still have some questions,\" \/>\n\t\t<meta property=\"og:url\" content=\"https:\/\/wishlistlms.com\/pt\/support\/\" \/>\n\t\t<meta property=\"article:published_time\" content=\"2025-05-31T17:30:53+00:00\" \/>\n\t\t<meta property=\"article:modified_time\" content=\"2026-04-07T22:13:05+00:00\" \/>\n\t\t<meta name=\"twitter:card\" content=\"summary_large_image\" \/>\n\t\t<meta name=\"twitter:title\" content=\"Support - WishList LMS\" \/>\n\t\t<meta name=\"twitter:description\" content=\"Knowledge Base Explore our full library of Support Docs to help you make the most of WishList LMS. You\u2019ll find step-by-step guides, helpful tips, and tutorial videos covering every feature\u2014from course setup to advanced LMS tools. View Support Docs New to WishList LMS? Explore our documentation and feature pages. If you still have some questions,\" \/>\n\t\t<script type=\"application\/ld+json\" class=\"aioseo-schema\">\n\t\t\t{\"@context\":\"https:\\\/\\\/schema.org\",\"@graph\":[{\"@type\":\"BreadcrumbList\",\"@id\":\"https:\\\/\\\/wishlistlms.com\\\/pt\\\/support\\\/#breadcrumblist\",\"itemListElement\":[{\"@type\":\"ListItem\",\"@id\":\"https:\\\/\\\/wishlistlms.com\\\/pt#listItem\",\"position\":1,\"name\":\"Home\",\"item\":\"https:\\\/\\\/wishlistlms.com\\\/pt\",\"nextItem\":{\"@type\":\"ListItem\",\"@id\":\"https:\\\/\\\/wishlistlms.com\\\/pt\\\/support\\\/#listItem\",\"name\":\"Support\"}},{\"@type\":\"ListItem\",\"@id\":\"https:\\\/\\\/wishlistlms.com\\\/pt\\\/support\\\/#listItem\",\"position\":2,\"name\":\"Support\",\"previousItem\":{\"@type\":\"ListItem\",\"@id\":\"https:\\\/\\\/wishlistlms.com\\\/pt#listItem\",\"name\":\"Home\"}}]},{\"@type\":\"Organization\",\"@id\":\"https:\\\/\\\/wishlistlms.com\\\/pt\\\/#organization\",\"name\":\"WishList LMS\",\"url\":\"https:\\\/\\\/wishlistlms.com\\\/pt\\\/\"},{\"@type\":\"WebPage\",\"@id\":\"https:\\\/\\\/wishlistlms.com\\\/pt\\\/support\\\/#webpage\",\"url\":\"https:\\\/\\\/wishlistlms.com\\\/pt\\\/support\\\/\",\"name\":\"Support - WishList LMS\",\"description\":\"Knowledge Base Explore our full library of Support Docs to help you make the most of WishList LMS. You\\u2019ll find step-by-step guides, helpful tips, and tutorial videos covering every feature\\u2014from course setup to advanced LMS tools. View Support Docs New to WishList LMS? Explore our documentation and feature pages. If you still have some questions,\",\"inLanguage\":\"pt-BR\",\"isPartOf\":{\"@id\":\"https:\\\/\\\/wishlistlms.com\\\/pt\\\/#website\"},\"breadcrumb\":{\"@id\":\"https:\\\/\\\/wishlistlms.com\\\/pt\\\/support\\\/#breadcrumblist\"},\"datePublished\":\"2025-05-31T11:30:53-06:00\",\"dateModified\":\"2026-04-07T16:13:05-06:00\"},{\"@type\":\"WebSite\",\"@id\":\"https:\\\/\\\/wishlistlms.com\\\/pt\\\/#website\",\"url\":\"https:\\\/\\\/wishlistlms.com\\\/pt\\\/\",\"name\":\"WishList LMS\",\"inLanguage\":\"pt-BR\",\"publisher\":{\"@id\":\"https:\\\/\\\/wishlistlms.com\\\/pt\\\/#organization\"}}]}\n\t\t<\/script>\n\t\t<!-- All in One SEO Pro -->\r\n\t\t<title>Support - WishList LMS<\/title>\n\n","aioseo_head_json":{"title":"Suporte - WishList LMS","description":"Base de conhecimento Explore nossa biblioteca completa de documentos de suporte para ajud\u00e1-lo a aproveitar ao m\u00e1ximo o WishList LMS. Voc\u00ea encontrar\u00e1 guias passo a passo, dicas \u00fateis e v\u00eddeos tutoriais que abrangem todos os recursos, desde a configura\u00e7\u00e3o do curso at\u00e9 as ferramentas avan\u00e7adas de LMS. Exibir documentos de suporte Novo no WishList LMS? Explore nossas p\u00e1ginas de documenta\u00e7\u00e3o e recursos. Se voc\u00ea ainda tiver alguma d\u00favida,","canonical_url":"https:\/\/wishlistlms.com\/pt\/support\/","robots":"max-image-preview:large","keywords":"","webmasterTools":{"miscellaneous":""},"schema":{"@context":"https:\/\/schema.org","@graph":[{"@type":"BreadcrumbList","@id":"https:\/\/wishlistlms.com\/pt\/support\/#breadcrumblist","itemListElement":[{"@type":"ListItem","@id":"https:\/\/wishlistlms.com\/pt#listItem","position":1,"name":"Home","item":"https:\/\/wishlistlms.com\/pt","nextItem":{"@type":"ListItem","@id":"https:\/\/wishlistlms.com\/pt\/support\/#listItem","name":"Support"}},{"@type":"ListItem","@id":"https:\/\/wishlistlms.com\/pt\/support\/#listItem","position":2,"name":"Support","previousItem":{"@type":"ListItem","@id":"https:\/\/wishlistlms.com\/pt#listItem","name":"Home"}}]},{"@type":"Organization","@id":"https:\/\/wishlistlms.com\/pt\/#organization","name":"WishList LMS","url":"https:\/\/wishlistlms.com\/pt\/"},{"@type":"WebPage","@id":"https:\/\/wishlistlms.com\/pt\/support\/#webpage","url":"https:\/\/wishlistlms.com\/pt\/support\/","name":"Support - WishList LMS","description":"Knowledge Base Explore our full library of Support Docs to help you make the most of WishList LMS. You\u2019ll find step-by-step guides, helpful tips, and tutorial videos covering every feature\u2014from course setup to advanced LMS tools. View Support Docs New to WishList LMS? Explore our documentation and feature pages. If you still have some questions,","inLanguage":"pt-BR","isPartOf":{"@id":"https:\/\/wishlistlms.com\/pt\/#website"},"breadcrumb":{"@id":"https:\/\/wishlistlms.com\/pt\/support\/#breadcrumblist"},"datePublished":"2025-05-31T11:30:53-06:00","dateModified":"2026-04-07T16:13:05-06:00"},{"@type":"WebSite","@id":"https:\/\/wishlistlms.com\/pt\/#website","url":"https:\/\/wishlistlms.com\/pt\/","name":"WishList LMS","inLanguage":"pt-BR","publisher":{"@id":"https:\/\/wishlistlms.com\/pt\/#organization"}}]},"og:locale":"pt_BR","og:site_name":"WishList LMS -","og:type":"article","og:title":"Support - WishList LMS","og:description":"Knowledge Base Explore our full library of Support Docs to help you make the most of WishList LMS. You\u2019ll find step-by-step guides, helpful tips, and tutorial videos covering every feature\u2014from course setup to advanced LMS tools. View Support Docs New to WishList LMS? Explore our documentation and feature pages. If you still have some questions,","og:url":"https:\/\/wishlistlms.com\/pt\/support\/","article:published_time":"2025-05-31T17:30:53+00:00","article:modified_time":"2026-04-07T22:13:05+00:00","twitter:card":"summary_large_image","twitter:title":"Support - WishList LMS","twitter:description":"Knowledge Base Explore our full library of Support Docs to help you make the most of WishList LMS. You\u2019ll find step-by-step guides, helpful tips, and tutorial videos covering every feature\u2014from course setup to advanced LMS tools. View Support Docs New to WishList LMS? Explore our documentation and feature pages. If you still have some questions,"},"aioseo_meta_data":{"post_id":"300","title":null,"description":null,"keywords":null,"keyphrases":{"focus":{"keyphrase":"","score":0,"analysis":{"keyphraseInTitle":{"score":0,"maxScore":9,"error":1}}},"additional":[]},"primary_term":null,"canonical_url":null,"og_title":null,"og_description":null,"og_object_type":"default","og_image_type":"default","og_image_url":null,"og_image_width":null,"og_image_height":null,"og_image_custom_url":null,"og_image_custom_fields":null,"og_video":"","og_custom_url":null,"og_article_section":null,"og_article_tags":null,"twitter_use_og":false,"twitter_card":"default","twitter_image_type":"default","twitter_image_url":null,"twitter_image_custom_url":null,"twitter_image_custom_fields":null,"twitter_title":null,"twitter_description":null,"schema":{"blockGraphs":[],"customGraphs":[],"default":{"data":{"Article":[],"Course":[],"Dataset":[],"FAQPage":[],"Movie":[],"Person":[],"Product":[],"ProductReview":[],"Car":[],"Recipe":[],"Service":[],"SoftwareApplication":[],"WebPage":[]},"graphName":"WebPage","isEnabled":true},"graphs":[]},"schema_type":"default","schema_type_options":null,"pillar_content":false,"robots_default":true,"robots_noindex":false,"robots_noarchive":false,"robots_nosnippet":false,"robots_nofollow":false,"robots_noimageindex":false,"robots_noodp":false,"robots_notranslate":false,"robots_max_snippet":"-1","robots_max_videopreview":"-1","robots_max_imagepreview":"large","priority":null,"frequency":"default","local_seo":null,"seo_analyzer_scan_date":"2026-04-07 23:01:32","breadcrumb_settings":null,"limit_modified_date":false,"open_ai":null,"ai":{"faqs":[],"keyPoints":[],"titles":[],"descriptions":[],"socialPosts":{"email":[],"linkedin":[],"twitter":[],"facebook":[],"instagram":[]}},"created":"2025-06-13 13:44:07","updated":"2026-04-08 00:43:13"},"aioseo_breadcrumb":"<div class=\"aioseo-breadcrumbs\"><span class=\"aioseo-breadcrumb\">\n\t<a href=\"https:\/\/wishlistlms.com\/pt\" title=\"Home\">Home<\/a>\n<\/span><span class=\"aioseo-breadcrumb-separator\">&raquo;<\/span><span class=\"aioseo-breadcrumb\">\n\tSupport\n<\/span><\/div>","aioseo_breadcrumb_json":[{"label":"Home","link":"https:\/\/wishlistlms.com\/pt"},{"label":"Support","link":"https:\/\/wishlistlms.com\/pt\/support\/"}],"_links":{"self":[{"href":"https:\/\/wishlistlms.com\/pt\/wp-json\/wp\/v2\/pages\/300","targetHints":{"allow":["GET"]}}],"collection":[{"href":"https:\/\/wishlistlms.com\/pt\/wp-json\/wp\/v2\/pages"}],"about":[{"href":"https:\/\/wishlistlms.com\/pt\/wp-json\/wp\/v2\/types\/page"}],"author":[{"embeddable":true,"href":"https:\/\/wishlistlms.com\/pt\/wp-json\/wp\/v2\/users\/3"}],"replies":[{"embeddable":true,"href":"https:\/\/wishlistlms.com\/pt\/wp-json\/wp\/v2\/comments?post=300"}],"version-history":[{"count":13,"href":"https:\/\/wishlistlms.com\/pt\/wp-json\/wp\/v2\/pages\/300\/revisions"}],"predecessor-version":[{"id":3111,"href":"https:\/\/wishlistlms.com\/pt\/wp-json\/wp\/v2\/pages\/300\/revisions\/3111"}],"wp:attachment":[{"href":"https:\/\/wishlistlms.com\/pt\/wp-json\/wp\/v2\/media?parent=300"}],"curies":[{"name":"wp","href":"https:\/\/api.w.org\/{rel}","templated":true}]}}