{"id":3,"date":"2025-01-23T17:37:26","date_gmt":"2025-01-23T17:37:26","guid":{"rendered":"http:\/\/wishlistlms.com\/?page_id=3"},"modified":"2026-03-11T20:08:20","modified_gmt":"2026-03-12T02:08:20","slug":"politica-de-privacidade","status":"publish","type":"page","link":"https:\/\/wishlistlms.com\/pt\/privacy-policy\/","title":{"rendered":"Pol\u00edtica de privacidade"},"content":{"rendered":"<div class=\"wp-block-group alignwide is-style-default is-layout-flow wp-block-group-is-layout-flow\">\n<p>Sua privacidade \u00e9 muito importante para n\u00f3s. Na WishList LMS, temos alguns princ\u00edpios fundamentais que seguimos:<\/p>\n\n\n\n<ul class=\"wp-block-list\">\n<li>N\u00e3o solicitamos informa\u00e7\u00f5es pessoais a menos que realmente precisemos delas. (N\u00e3o suportamos servi\u00e7os que solicitam informa\u00e7\u00f5es como seu g\u00eanero ou n\u00edvel de renda sem motivo aparente).<\/li>\n\n\n\n<li>N\u00e3o compartilhamos suas informa\u00e7\u00f5es pessoais com ningu\u00e9m, exceto para cumprir a lei, desenvolver nossos produtos ou proteger nossos direitos.<\/li>\n\n\n\n<li>N\u00e3o armazenamos informa\u00e7\u00f5es pessoais em nossos servidores, a menos que seja necess\u00e1rio para a opera\u00e7\u00e3o cont\u00ednua de nosso site.<\/li>\n<\/ul>\n\n\n\n<p>A WishList Products, LLC (\u201cWishList LMS\u201d dba WishList LMS) opera v\u00e1rios sites, inclusive o wishlistlms.com. \u00c9 pol\u00edtica da WishList LMS respeitar sua privacidade em rela\u00e7\u00e3o a quaisquer informa\u00e7\u00f5es que possamos coletar durante a opera\u00e7\u00e3o de nossos sites.<\/p>\n\n\n\n<p><strong>Visitantes do site<\/strong><\/p>\n\n\n\n<p>Como a maioria dos operadores de sites, o WishList LMS coleta informa\u00e7\u00f5es de identifica\u00e7\u00e3o n\u00e3o pessoal do tipo que os navegadores e servidores da Web normalmente disponibilizam, como o tipo de navegador, a prefer\u00eancia de idioma, o site de refer\u00eancia e a data e hora de cada solicita\u00e7\u00e3o de visitante. O objetivo da WishList LMS ao coletar informa\u00e7\u00f5es de identifica\u00e7\u00e3o n\u00e3o pessoal \u00e9 entender melhor como os visitantes da WishList LMS usam seu site. De tempos em tempos, a WishList LMS pode divulgar informa\u00e7\u00f5es de identifica\u00e7\u00e3o n\u00e3o-pessoal de forma agregada, por exemplo, publicando um relat\u00f3rio sobre tend\u00eancias no uso de seu website.<\/p>\n\n\n\n<p>O WishList LMS tamb\u00e9m coleta informa\u00e7\u00f5es de identifica\u00e7\u00e3o pessoal em potencial, como endere\u00e7os de Protocolo de Internet (IP) para usu\u00e1rios conectados e para usu\u00e1rios que deixam coment\u00e1rios em nossos blogs. O WishList LMS s\u00f3 divulga os endere\u00e7os IP dos usu\u00e1rios e comentaristas logados nas mesmas circunst\u00e2ncias em que usa e divulga informa\u00e7\u00f5es de identifica\u00e7\u00e3o pessoal conforme descrito abaixo, exceto que os endere\u00e7os IP dos comentaristas do blog s\u00e3o vis\u00edveis e divulgados aos administradores do blog onde o coment\u00e1rio foi deixado.<\/p>\n\n\n\n<p><strong>Coleta de informa\u00e7\u00f5es de identifica\u00e7\u00e3o pessoal<\/strong><\/p>\n\n\n\n<p>Certos visitantes dos sites da WishList LMS optam por interagir com a WishList LMS de maneiras que exigem que a WishList LMS re\u00fana informa\u00e7\u00f5es de identifica\u00e7\u00e3o pessoal. A quantidade e o tipo de informa\u00e7\u00f5es que a WishList LMS coleta dependem da natureza da intera\u00e7\u00e3o. Por exemplo, pedimos aos visitantes que comentam em nosso blog que forne\u00e7am um nome de usu\u00e1rio e endere\u00e7o de e-mail. Para aqueles que desejam receber atualiza\u00e7\u00f5es da WishList LMS por e-mail, coletamos seus e-mails. Em cada caso, a WishList LMS coleta tais informa\u00e7\u00f5es somente na medida em que for necess\u00e1rio ou apropriado para cumprir o prop\u00f3sito da intera\u00e7\u00e3o do visitante com a WishList LMS. A WishList LMS n\u00e3o divulga informa\u00e7\u00f5es de identifica\u00e7\u00e3o pessoal al\u00e9m das descritas abaixo. E os visitantes sempre podem se recusar a fornecer informa\u00e7\u00f5es de identifica\u00e7\u00e3o pessoal, com a ressalva de que isso pode impedi-los de se envolver em determinadas atividades relacionadas ao site.<\/p>\n\n\n\n<p><strong>Estat\u00edsticas agregadas<\/strong><\/p>\n\n\n\n<p>A WishList LMS pode coletar estat\u00edsticas sobre o comportamento dos visitantes de seus websites. Por exemplo, a WishList LMS pode monitorar as p\u00e1ginas mais populares no site wishlistlms.com ou usar spam rastreado pelo servi\u00e7o Akismet para ajudar a identificar spam. A WishList LMS pode exibir essas informa\u00e7\u00f5es publicamente ou fornec\u00ea-las a terceiros. Entretanto, a WishList LMS n\u00e3o divulga informa\u00e7\u00f5es de identifica\u00e7\u00e3o pessoal al\u00e9m das descritas abaixo.<\/p>\n\n\n\n<p><strong>Prote\u00e7\u00e3o de determinadas informa\u00e7\u00f5es de identifica\u00e7\u00e3o pessoal<\/strong><\/p>\n\n\n\n<p>A WishList LMS divulga informa\u00e7\u00f5es potencialmente identificadoras e de identifica\u00e7\u00e3o pessoal apenas para seus funcion\u00e1rios, contratados e organiza\u00e7\u00f5es afiliadas que (i) precisam saber essas informa\u00e7\u00f5es para process\u00e1-las em nome da WishList LMS ou para fornecer servi\u00e7os dispon\u00edveis nos websites da WishList LMS, e (ii) que concordaram em n\u00e3o divulg\u00e1-las a outros. Alguns desses funcion\u00e1rios, contratados e organiza\u00e7\u00f5es afiliadas podem estar localizados fora de seu pa\u00eds de origem; ao usar os websites da WishList LMS, voc\u00ea consente com a transfer\u00eancia de tais informa\u00e7\u00f5es para eles. A WishList LMS n\u00e3o alugar\u00e1 ou vender\u00e1 informa\u00e7\u00f5es potencialmente identificadoras e de identifica\u00e7\u00e3o pessoal a ningu\u00e9m. Al\u00e9m de seus funcion\u00e1rios, contratados e organiza\u00e7\u00f5es afiliadas, conforme descrito acima, o WishList LMS divulga informa\u00e7\u00f5es potencialmente identificadoras e de identifica\u00e7\u00e3o pessoal apenas em resposta a uma intima\u00e7\u00e3o, ordem judicial ou outra solicita\u00e7\u00e3o governamental, ou quando o WishList LMS acredita de boa f\u00e9 que a divulga\u00e7\u00e3o \u00e9 razoavelmente necess\u00e1ria para proteger a propriedade ou os direitos do WishList LMS, de terceiros ou do p\u00fablico em geral. Se voc\u00ea for um usu\u00e1rio registrado de um site da WishList LMS e tiver fornecido seu endere\u00e7o de e-mail, a WishList LMS poder\u00e1 ocasionalmente enviar-lhe um e-mail para inform\u00e1-lo sobre novos recursos, solicitar seu feedback ou apenas mant\u00ea-lo atualizado sobre o que est\u00e1 acontecendo com a WishList LMS e nossos produtos. Usamos principalmente nossos v\u00e1rios blogs de produtos para comunicar esse tipo de informa\u00e7\u00e3o, portanto, esperamos manter esse tipo de e-mail em um n\u00edvel m\u00ednimo. Se voc\u00ea nos enviar uma solicita\u00e7\u00e3o (por exemplo, por meio de um e-mail de suporte ou de um de nossos mecanismos de feedback), reservamo-nos o direito de public\u00e1-la para nos ajudar a esclarecer ou responder \u00e0 sua solicita\u00e7\u00e3o ou para nos ajudar a dar suporte a outros usu\u00e1rios. O WishList LMS toma todas as medidas razoavelmente necess\u00e1rias para proteger contra o acesso n\u00e3o autorizado, o uso, a altera\u00e7\u00e3o ou a destrui\u00e7\u00e3o de informa\u00e7\u00f5es potencialmente identificadoras e de identifica\u00e7\u00e3o pessoal.<\/p>\n\n\n\n<p><strong>Cookies<\/strong><\/p>\n\n\n\n<p>Um cookie \u00e9 uma cadeia de informa\u00e7\u00f5es que um site armazena no computador de um visitante e que o navegador do visitante fornece ao site toda vez que o visitante retorna. A WishList LMS usa cookies para ajudar a WishList LMS a identificar e rastrear os visitantes, seu uso dos sites da WishList LMS e suas prefer\u00eancias de acesso ao site. Os visitantes dos sites da WishList LMS que n\u00e3o desejarem que os cookies sejam colocados em seus computadores devem configurar seus navegadores para recusar cookies antes de usar os sites da WishList LMS, com a desvantagem de que certos recursos dos sites da WishList LMS podem n\u00e3o funcionar adequadamente sem o aux\u00edlio de cookies.<\/p>\n\n\n\n<p><strong>Rastreamento de uso<\/strong><\/p>\n\n\n\n<p>A WishList LMS coleta determinadas informa\u00e7\u00f5es por meio do rastreamento de uso. A finalidade do rastreamento de uso ajuda a WishList LMS a entender melhor nossos usu\u00e1rios e as necessidades de seus sites, observando uma s\u00e9rie de vari\u00e1veis em seu plug-in WishList LMS, WordPress e host da Web. Essas informa\u00e7\u00f5es nos permitem melhorar continuamente nosso produto, bem como nosso processo de perguntas e respostas\/testes. As informa\u00e7\u00f5es podem incluir a chave de licen\u00e7a (e o tipo), datas de ativa\u00e7\u00e3o do plug-in, estat\u00edsticas de associa\u00e7\u00e3o e transa\u00e7\u00e3o para nos ajudar a garantir que nossos recursos e atualiza\u00e7\u00f5es sejam testados em situa\u00e7\u00f5es que se aproximem dos ambientes do site de nossos clientes e do uso da WishList LMS. Tamb\u00e9m podemos coletar informa\u00e7\u00f5es sobre integra\u00e7\u00f5es ativas e configura\u00e7\u00f5es de plug-in, mas as configura\u00e7\u00f5es confidenciais, como chaves de API, s\u00e3o automaticamente exclu\u00eddas do rastreamento.<\/p>\n\n\n\n<p>Nosso rastreamento de uso inclui a coleta de informa\u00e7\u00f5es sobre o tema\/plugins ativos do WordPress, localidade, fuso hor\u00e1rio, se o SSL est\u00e1 ativado ou se um site \u00e9 um multisite e o URL do site. Al\u00e9m disso, o rastreamento de uso inclui a determina\u00e7\u00e3o das vers\u00f5es do PHP e do MySQL para nos ajudar a garantir que nossos procedimentos de teste tenham a cobertura adequada para evitar problemas de compatibilidade e a determina\u00e7\u00e3o do software do servidor usado para fins de teste.<\/p>\n\n\n\n<p>Desativa\u00e7\u00e3o do rastreamento de uso<\/p>\n\n\n\n<p>Quando voc\u00ea instala o WishList LMS, por padr\u00e3o, voc\u00ea opta pelo rastreamento de uso. Para desativar isso, basta ir para WishList LMS &gt; Configura\u00e7\u00f5es &gt; Geral; nessa tela, voc\u00ea precisar\u00e1 marcar a caixa de sele\u00e7\u00e3o Desativar relat\u00f3rio de uso an\u00f4nimo.<\/p>\n\n\n\n<p><strong>Transfer\u00eancias de neg\u00f3cios<\/strong><\/p>\n\n\n\n<p>Se a WishList LMS ou substancialmente todos os seus ativos forem adquiridos, ou no caso improv\u00e1vel de a WishList LMS sair do neg\u00f3cio ou entrar em fal\u00eancia, as informa\u00e7\u00f5es do usu\u00e1rio seriam um dos ativos transferidos ou adquiridos por terceiros. Voc\u00ea reconhece que essas transfer\u00eancias podem ocorrer e que qualquer adquirente da WishList LMS pode continuar a usar suas informa\u00e7\u00f5es pessoais conforme estabelecido nesta pol\u00edtica.<\/p>\n\n\n\n<p><strong>An\u00fancios<\/strong><\/p>\n\n\n\n<p>Os an\u00fancios que aparecem em qualquer um de nossos sites podem ser entregues aos usu\u00e1rios por parceiros de publicidade, que podem definir cookies. Esses cookies permitem que o servidor de an\u00fancios reconhe\u00e7a seu computador sempre que enviar um an\u00fancio on-line para compilar informa\u00e7\u00f5es sobre voc\u00ea ou outras pessoas que usam seu computador. Essas informa\u00e7\u00f5es permitem que as redes de an\u00fancios, entre outras coisas, forne\u00e7am an\u00fancios direcionados que acreditam ser de seu maior interesse. Esta Pol\u00edtica de Privacidade cobre o uso de cookies pela WishList LMS e n\u00e3o cobre o uso de cookies por nenhum anunciante.<\/p>\n\n\n\n<p><strong>Coment\u00e1rios<\/strong><\/p>\n\n\n\n<p>Os coment\u00e1rios e outros conte\u00fados enviados ao servi\u00e7o antispam da Akismet s\u00e3o salvos em nossos servidores, a menos que tenham sido marcados como falsos positivos, caso em que os armazenamos por tempo suficiente para us\u00e1-los para aprimorar o servi\u00e7o e evitar futuros falsos positivos.<\/p>\n\n\n\n<p><strong>Altera\u00e7\u00f5es na pol\u00edtica de privacidade<\/strong><\/p>\n\n\n\n<p>Embora a maioria das mudan\u00e7as provavelmente seja pequena, a WishList LMS pode alterar sua Pol\u00edtica de Privacidade de tempos em tempos, e a crit\u00e9rio exclusivo da WishList LMS. A WishList LMS incentiva os visitantes a verificar frequentemente esta p\u00e1gina para quaisquer altera\u00e7\u00f5es em sua Pol\u00edtica de Privacidade. Seu uso continuado deste site ap\u00f3s qualquer altera\u00e7\u00e3o nesta Pol\u00edtica de Privacidade constituir\u00e1 sua aceita\u00e7\u00e3o de tal altera\u00e7\u00e3o.<\/p>\n<\/div>\n\n\n\n<p><\/p>","protected":false},"excerpt":{"rendered":"<p>Your privacy is very important to us. At WishList LMS we have a few fundamental principles that we follow: WishList Products, LLC (\u201cWishList LMS\u201d dba WishList LMS) operates several websites including wishlistlms.com. It is WishList LMS\u2019s policy to respect your privacy regarding any information we may collect while operating our websites. Website Visitors Like most&hellip;<\/p>","protected":false},"author":3,"featured_media":0,"parent":0,"menu_order":0,"comment_status":"closed","ping_status":"closed","template":"single_framed","meta":{"om_disable_all_campaigns":false,"_monsterinsights_skip_tracking":false,"_monsterinsights_sitenote_active":false,"_monsterinsights_sitenote_note":"","_monsterinsights_sitenote_category":0,"footnotes":"","maurice_hero_tagline":"","maurice_hero_title":"","maurice_hero_subtitle":"","maurice_hero_cta_link":"","maurice_hero_cta_text":""},"class_list":["post-3","page","type-page","status-publish","hentry"],"aioseo_notices":[],"aioseo_head":"\n\t\t<!-- All in One SEO Pro 4.9.5.2 - aioseo.com -->\n\t<meta name=\"description\" content=\"Your privacy is very important to us. At WishList LMS we have a few fundamental principles that we follow: We don\u2019t ask you for personal information unless we truly need it. (We can\u2019t stand services that ask you for things like your gender or income level for no apparent reason.) We don\u2019t share your personal\" \/>\n\t<meta name=\"robots\" content=\"max-image-preview:large\" \/>\n\t<link rel=\"canonical\" href=\"https:\/\/wishlistlms.com\/pt\/privacy-policy\/\" \/>\n\t<meta name=\"generator\" content=\"All in One SEO Pro (AIOSEO) 4.9.5.2\" \/>\n\t\t<meta property=\"og:locale\" content=\"pt_BR\" \/>\n\t\t<meta property=\"og:site_name\" content=\"WishList LMS -\" \/>\n\t\t<meta property=\"og:type\" content=\"article\" \/>\n\t\t<meta property=\"og:title\" content=\"Privacy Policy - WishList LMS\" \/>\n\t\t<meta property=\"og:description\" content=\"Your privacy is very important to us. At WishList LMS we have a few fundamental principles that we follow: We don\u2019t ask you for personal information unless we truly need it. (We can\u2019t stand services that ask you for things like your gender or income level for no apparent reason.) We don\u2019t share your personal\" \/>\n\t\t<meta property=\"og:url\" content=\"https:\/\/wishlistlms.com\/pt\/privacy-policy\/\" \/>\n\t\t<meta property=\"article:published_time\" content=\"2025-01-23T17:37:26+00:00\" \/>\n\t\t<meta property=\"article:modified_time\" content=\"2026-03-12T02:08:20+00:00\" \/>\n\t\t<meta name=\"twitter:card\" content=\"summary_large_image\" \/>\n\t\t<meta name=\"twitter:title\" content=\"Privacy Policy - WishList LMS\" \/>\n\t\t<meta name=\"twitter:description\" content=\"Your privacy is very important to us. At WishList LMS we have a few fundamental principles that we follow: We don\u2019t ask you for personal information unless we truly need it. (We can\u2019t stand services that ask you for things like your gender or income level for no apparent reason.) We don\u2019t share your personal\" \/>\n\t\t<script type=\"application\/ld+json\" class=\"aioseo-schema\">\n\t\t\t{\"@context\":\"https:\\\/\\\/schema.org\",\"@graph\":[{\"@type\":\"BreadcrumbList\",\"@id\":\"https:\\\/\\\/wishlistlms.com\\\/pt\\\/privacy-policy\\\/#breadcrumblist\",\"itemListElement\":[{\"@type\":\"ListItem\",\"@id\":\"https:\\\/\\\/wishlistlms.com\\\/pt#listItem\",\"position\":1,\"name\":\"Home\",\"item\":\"https:\\\/\\\/wishlistlms.com\\\/pt\",\"nextItem\":{\"@type\":\"ListItem\",\"@id\":\"https:\\\/\\\/wishlistlms.com\\\/pt\\\/privacy-policy\\\/#listItem\",\"name\":\"Privacy Policy\"}},{\"@type\":\"ListItem\",\"@id\":\"https:\\\/\\\/wishlistlms.com\\\/pt\\\/privacy-policy\\\/#listItem\",\"position\":2,\"name\":\"Privacy Policy\",\"previousItem\":{\"@type\":\"ListItem\",\"@id\":\"https:\\\/\\\/wishlistlms.com\\\/pt#listItem\",\"name\":\"Home\"}}]},{\"@type\":\"Organization\",\"@id\":\"https:\\\/\\\/wishlistlms.com\\\/pt\\\/#organization\",\"name\":\"WishList LMS\",\"url\":\"https:\\\/\\\/wishlistlms.com\\\/pt\\\/\"},{\"@type\":\"WebPage\",\"@id\":\"https:\\\/\\\/wishlistlms.com\\\/pt\\\/privacy-policy\\\/#webpage\",\"url\":\"https:\\\/\\\/wishlistlms.com\\\/pt\\\/privacy-policy\\\/\",\"name\":\"Privacy Policy - WishList LMS\",\"description\":\"Your privacy is very important to us. At WishList LMS we have a few fundamental principles that we follow: We don\\u2019t ask you for personal information unless we truly need it. (We can\\u2019t stand services that ask you for things like your gender or income level for no apparent reason.) We don\\u2019t share your personal\",\"inLanguage\":\"pt-BR\",\"isPartOf\":{\"@id\":\"https:\\\/\\\/wishlistlms.com\\\/pt\\\/#website\"},\"breadcrumb\":{\"@id\":\"https:\\\/\\\/wishlistlms.com\\\/pt\\\/privacy-policy\\\/#breadcrumblist\"},\"datePublished\":\"2025-01-23T17:37:26-07:00\",\"dateModified\":\"2026-03-11T20:08:20-06:00\"},{\"@type\":\"WebSite\",\"@id\":\"https:\\\/\\\/wishlistlms.com\\\/pt\\\/#website\",\"url\":\"https:\\\/\\\/wishlistlms.com\\\/pt\\\/\",\"name\":\"WishList LMS\",\"inLanguage\":\"pt-BR\",\"publisher\":{\"@id\":\"https:\\\/\\\/wishlistlms.com\\\/pt\\\/#organization\"}}]}\n\t\t<\/script>\n\t\t<!-- All in One SEO Pro -->\r\n\t\t<title>Privacy Policy - WishList LMS<\/title>\n\n","aioseo_head_json":{"title":"Pol\u00edtica de privacidade - WishList LMS","description":"Sua privacidade \u00e9 muito importante para n\u00f3s. Na WishList LMS, temos alguns princ\u00edpios fundamentais que seguimos: N\u00e3o solicitamos informa\u00e7\u00f5es pessoais a menos que realmente precisemos delas. (N\u00e3o suportamos servi\u00e7os que solicitam informa\u00e7\u00f5es como seu g\u00eanero ou n\u00edvel de renda sem motivo aparente). N\u00e3o compartilhamos suas informa\u00e7\u00f5es pessoais","canonical_url":"https:\/\/wishlistlms.com\/pt\/privacy-policy\/","robots":"max-image-preview:large","keywords":"","webmasterTools":{"miscellaneous":""},"schema":{"@context":"https:\/\/schema.org","@graph":[{"@type":"BreadcrumbList","@id":"https:\/\/wishlistlms.com\/pt\/privacy-policy\/#breadcrumblist","itemListElement":[{"@type":"ListItem","@id":"https:\/\/wishlistlms.com\/pt#listItem","position":1,"name":"Home","item":"https:\/\/wishlistlms.com\/pt","nextItem":{"@type":"ListItem","@id":"https:\/\/wishlistlms.com\/pt\/privacy-policy\/#listItem","name":"Privacy Policy"}},{"@type":"ListItem","@id":"https:\/\/wishlistlms.com\/pt\/privacy-policy\/#listItem","position":2,"name":"Privacy Policy","previousItem":{"@type":"ListItem","@id":"https:\/\/wishlistlms.com\/pt#listItem","name":"Home"}}]},{"@type":"Organization","@id":"https:\/\/wishlistlms.com\/pt\/#organization","name":"WishList LMS","url":"https:\/\/wishlistlms.com\/pt\/"},{"@type":"WebPage","@id":"https:\/\/wishlistlms.com\/pt\/privacy-policy\/#webpage","url":"https:\/\/wishlistlms.com\/pt\/privacy-policy\/","name":"Privacy Policy - WishList LMS","description":"Your privacy is very important to us. At WishList LMS we have a few fundamental principles that we follow: We don\u2019t ask you for personal information unless we truly need it. (We can\u2019t stand services that ask you for things like your gender or income level for no apparent reason.) We don\u2019t share your personal","inLanguage":"pt-BR","isPartOf":{"@id":"https:\/\/wishlistlms.com\/pt\/#website"},"breadcrumb":{"@id":"https:\/\/wishlistlms.com\/pt\/privacy-policy\/#breadcrumblist"},"datePublished":"2025-01-23T17:37:26-07:00","dateModified":"2026-03-11T20:08:20-06:00"},{"@type":"WebSite","@id":"https:\/\/wishlistlms.com\/pt\/#website","url":"https:\/\/wishlistlms.com\/pt\/","name":"WishList LMS","inLanguage":"pt-BR","publisher":{"@id":"https:\/\/wishlistlms.com\/pt\/#organization"}}]},"og:locale":"pt_BR","og:site_name":"WishList LMS -","og:type":"article","og:title":"Privacy Policy - WishList LMS","og:description":"Your privacy is very important to us. At WishList LMS we have a few fundamental principles that we follow: We don\u2019t ask you for personal information unless we truly need it. (We can\u2019t stand services that ask you for things like your gender or income level for no apparent reason.) We don\u2019t share your personal","og:url":"https:\/\/wishlistlms.com\/pt\/privacy-policy\/","article:published_time":"2025-01-23T17:37:26+00:00","article:modified_time":"2026-03-12T02:08:20+00:00","twitter:card":"summary_large_image","twitter:title":"Privacy Policy - WishList LMS","twitter:description":"Your privacy is very important to us. At WishList LMS we have a few fundamental principles that we follow: We don\u2019t ask you for personal information unless we truly need it. (We can\u2019t stand services that ask you for things like your gender or income level for no apparent reason.) We don\u2019t share your personal"},"aioseo_meta_data":{"post_id":"3","title":null,"description":null,"keywords":null,"keyphrases":{"focus":{"keyphrase":"","score":0,"analysis":{"keyphraseInTitle":{"score":0,"maxScore":9,"error":1}}},"additional":[]},"primary_term":null,"canonical_url":null,"og_title":null,"og_description":null,"og_object_type":"default","og_image_type":"default","og_image_url":null,"og_image_width":null,"og_image_height":null,"og_image_custom_url":null,"og_image_custom_fields":null,"og_video":"","og_custom_url":null,"og_article_section":null,"og_article_tags":null,"twitter_use_og":false,"twitter_card":"default","twitter_image_type":"default","twitter_image_url":null,"twitter_image_custom_url":null,"twitter_image_custom_fields":null,"twitter_title":null,"twitter_description":null,"schema":{"blockGraphs":[],"customGraphs":[],"default":{"data":{"Article":[],"Course":[],"Dataset":[],"FAQPage":[],"Movie":[],"Person":[],"Product":[],"ProductReview":[],"Car":[],"Recipe":[],"Service":[],"SoftwareApplication":[],"WebPage":[]},"graphName":"WebPage","isEnabled":true},"graphs":[]},"schema_type":"default","schema_type_options":null,"pillar_content":false,"robots_default":true,"robots_noindex":false,"robots_noarchive":false,"robots_nosnippet":false,"robots_nofollow":false,"robots_noimageindex":false,"robots_noodp":false,"robots_notranslate":false,"robots_max_snippet":"-1","robots_max_videopreview":"-1","robots_max_imagepreview":"large","priority":null,"frequency":"default","local_seo":null,"seo_analyzer_scan_date":"2026-03-12 02:17:44","breadcrumb_settings":null,"limit_modified_date":false,"open_ai":null,"ai":{"faqs":[],"keyPoints":[],"titles":[],"descriptions":[],"socialPosts":{"email":[],"linkedin":[],"twitter":[],"facebook":[],"instagram":[]}},"created":"2025-06-13 13:44:07","updated":"2026-03-12 02:17:44"},"aioseo_breadcrumb":"<div class=\"aioseo-breadcrumbs\"><span class=\"aioseo-breadcrumb\">\n\t<a href=\"https:\/\/wishlistlms.com\/pt\" title=\"Home\">Home<\/a>\n<\/span><span class=\"aioseo-breadcrumb-separator\">&raquo;<\/span><span class=\"aioseo-breadcrumb\">\n\tPrivacy Policy\n<\/span><\/div>","aioseo_breadcrumb_json":[{"label":"Home","link":"https:\/\/wishlistlms.com\/pt"},{"label":"Privacy Policy","link":"https:\/\/wishlistlms.com\/pt\/privacy-policy\/"}],"_links":{"self":[{"href":"https:\/\/wishlistlms.com\/pt\/wp-json\/wp\/v2\/pages\/3","targetHints":{"allow":["GET"]}}],"collection":[{"href":"https:\/\/wishlistlms.com\/pt\/wp-json\/wp\/v2\/pages"}],"about":[{"href":"https:\/\/wishlistlms.com\/pt\/wp-json\/wp\/v2\/types\/page"}],"author":[{"embeddable":true,"href":"https:\/\/wishlistlms.com\/pt\/wp-json\/wp\/v2\/users\/3"}],"replies":[{"embeddable":true,"href":"https:\/\/wishlistlms.com\/pt\/wp-json\/wp\/v2\/comments?post=3"}],"version-history":[{"count":18,"href":"https:\/\/wishlistlms.com\/pt\/wp-json\/wp\/v2\/pages\/3\/revisions"}],"predecessor-version":[{"id":2314,"href":"https:\/\/wishlistlms.com\/pt\/wp-json\/wp\/v2\/pages\/3\/revisions\/2314"}],"wp:attachment":[{"href":"https:\/\/wishlistlms.com\/pt\/wp-json\/wp\/v2\/media?parent=3"}],"curies":[{"name":"wp","href":"https:\/\/api.w.org\/{rel}","templated":true}]}}