{"id":2152,"date":"2026-02-27T02:35:40","date_gmt":"2026-02-27T09:35:40","guid":{"rendered":"https:\/\/wishlistlms.com\/?page_id=2152"},"modified":"2026-03-24T05:21:13","modified_gmt":"2026-03-24T11:21:13","slug":"solicitacao-de-suporte-premium","status":"publish","type":"page","link":"https:\/\/wishlistlms.com\/pt\/premium-support-request\/","title":{"rendered":"Solicita\u00e7\u00e3o de suporte premium"},"content":{"rendered":"<div class=\"wl_wrapper\">\n  <div class=\"wlms-unauthorized-message\">\n    <p>Voc\u00ea n\u00e3o tem autoriza\u00e7\u00e3o para visualizar esta p\u00e1gina.<\/p>\n  <\/div>\n  <div class=\"wlms-login-form-wrap\">\n            \n<div class=\"wl_wrapper wl_login_form\">\n              <div><span class=\"cspf-shortcode-login-button\"><a class=\"cspfsl-social-login-btn\" href=\"https:\/\/wishlistlms.com\/pt?wishlistlms-social-login-request=google&type=wp_login&redir=aHR0cHM6Ly93aXNobGlzdGxtcy5jb20vcHQvd3AtanNvbi93cC92Mi9wYWdlcy8yMTUy\" ><span class=\"google-login-btn\"\/><span class=\"icon\"><\/span><span class=\"text google-login-span-text\">Login with Google<\/span><\/a><\/span><\/div><div class=\"cspfsl-div-content\"><p class=\"cspfsl-or-text\">OR<\/p><\/div>    <!-- wl-login-form-start -->     <form name=\"wlms_loginform\" id=\"wlms_loginform\" class=\"wlms-form\" action=\"https:\/\/wishlistlms.com\/pt\/login\/\" method=\"post\">\n            <div class=\"wl-form-row wlms_username\">\n        <div class=\"wl-form-label\">\n                              <label for=\"user_login\">Username or E-mail<\/label>\n        <\/div>\n        <input type=\"text\" name=\"log\" id=\"user_login\" value=\"\" \/>\n      <\/div>\n      <div class=\"wl-form-row wlms_password\">\n        <div class=\"wl-form-label\">\n          <label for=\"user_pass\">Password<\/label>\n          <div class=\"wl-hide-pw\">\n            <input type=\"password\" name=\"pwd\" id=\"user_pass\" value=\"\" \/>\n            <button type=\"button\" class=\"button wl-hide-pw hide-if-no-js\" data-toggle=\"0\" aria-label=\"Show password\">\n              <span class=\"dashicons dashicons-visibility\" aria-hidden=\"true\"><\/span>\n            <\/button>\n          <\/div>\n        <\/div>\n      <\/div>\n      \t\t<div id=\"cf-turnstile-811906733\"\r\n\t\tclass=\"cf-turnstile\" \t\tdata-sitekey=\"0x4AAAAAACzDLL2q3feiEzhd\"\r\n\t\tdata-theme=\"light\"\r\n\t\tdata-language=\"auto\"\r\n\t\tdata-size=\"normal\"\r\n\t\tdata-retry=\"auto\" data-retry-interval=\"1000\"\r\n\t\tdata-refresh-expired=\"auto\"\r\n\t\tdata-action=\"wishlistlms-login\"\r\n\t\t\t\tdata-appearance=\"interaction-only\"><\/div>\r\n\t\t\t<script>document.addEventListener(\"DOMContentLoaded\", function() { setTimeout(function(){ var e=document.getElementById(\"cf-turnstile-811906733\"); e&&!e.innerHTML.trim()&&(turnstile.remove(\"#cf-turnstile-811906733\"), turnstile.render(\"#cf-turnstile-811906733\", {sitekey:\"0x4AAAAAACzDLL2q3feiEzhd\"})); }, 100); });<\/script>\r\n\t\t\t<style>#cf-turnstile-811906733 iframe { margin-bottom: 15px; }<\/style>\r\n\t\t\t\t<style>#cf-turnstile-811906733 { margin-left: -15px; }<\/style>\r\n\t\t      <div>\n        <label><input name=\"rememberme\" type=\"checkbox\" id=\"rememberme\" value=\"forever\" \/> Remember Me<\/label>\n      <\/div>\n      <div class=\"wl-spacer\">&nbsp;<\/div>\n      <div class=\"submit\">\n        <input type=\"submit\" name=\"wp-submit\" id=\"wp-submit\" class=\"button-primary wlms-share-button\" value=\"Log In\" \/>\n        <input type=\"hidden\" name=\"redirect_to\" value=\"\/pt\/wp-json\/wp\/v2\/pages\/2152\" \/>\n        <input type=\"hidden\" name=\"wlms_process_login_form\" value=\"true\" \/>\n        <input type=\"hidden\" name=\"wlms_is_login_page\" value=\"false\" \/>\n      <\/div>\n    <\/form>\n    <div class=\"wl-spacer\">&nbsp;<\/div>\n    <div class=\"wlms-login-actions\">\n        <a\n          href=\"https:\/\/wishlistlms.com\/pt\/login\/?action=forgot_password\"\n          title=\"Click here to reset your password\"\n        >\n          Forgot Password        <\/a>\n    <\/div>\n\n      \n    <!-- wl-login-form-end --> \n  <\/div>\n      <\/div>\n<\/div>","protected":false},"excerpt":{"rendered":"<p>Voc\u00ea n\u00e3o tem autoriza\u00e7\u00e3o para visualizar esta p\u00e1gina.<\/p>","protected":false},"author":10,"featured_media":0,"parent":0,"menu_order":0,"comment_status":"closed","ping_status":"closed","template":"single_framed","meta":{"om_disable_all_campaigns":false,"_monsterinsights_skip_tracking":false,"_monsterinsights_sitenote_active":false,"_monsterinsights_sitenote_note":"","_monsterinsights_sitenote_category":0,"footnotes":"","maurice_hero_tagline":"","maurice_hero_title":"","maurice_hero_subtitle":"","maurice_hero_cta_link":"","maurice_hero_cta_text":""},"class_list":["post-2152","page","type-page","status-publish","hentry"],"aioseo_notices":[],"aioseo_head":"\n\t\t<!-- All in One SEO Pro 4.9.5.2 - aioseo.com -->\n\t<meta name=\"description\" content=\"As a WishList LMS customer, you\u2019re covered by Premium Support. Just fill out the form below to connect with our team, and we\u2019ll get back to you as quick as possible. [cspf-support-form]\" \/>\n\t<meta name=\"robots\" content=\"max-image-preview:large\" \/>\n\t<link rel=\"canonical\" href=\"https:\/\/wishlistlms.com\/pt\/premium-support-request\/\" \/>\n\t<meta name=\"generator\" content=\"All in One SEO Pro (AIOSEO) 4.9.5.2\" \/>\n\t\t<meta property=\"og:locale\" content=\"pt_BR\" \/>\n\t\t<meta property=\"og:site_name\" content=\"WishList LMS -\" \/>\n\t\t<meta property=\"og:type\" content=\"article\" \/>\n\t\t<meta property=\"og:title\" content=\"Premium Support Request - WishList LMS\" \/>\n\t\t<meta property=\"og:description\" content=\"As a WishList LMS customer, you\u2019re covered by Premium Support. Just fill out the form below to connect with our team, and we\u2019ll get back to you as quick as possible. [cspf-support-form]\" \/>\n\t\t<meta property=\"og:url\" content=\"https:\/\/wishlistlms.com\/pt\/premium-support-request\/\" \/>\n\t\t<meta property=\"article:published_time\" content=\"2026-02-27T09:35:40+00:00\" \/>\n\t\t<meta property=\"article:modified_time\" content=\"2026-03-24T11:21:13+00:00\" \/>\n\t\t<meta name=\"twitter:card\" content=\"summary_large_image\" \/>\n\t\t<meta name=\"twitter:title\" content=\"Premium Support Request - WishList LMS\" \/>\n\t\t<meta name=\"twitter:description\" content=\"As a WishList LMS customer, you\u2019re covered by Premium Support. Just fill out the form below to connect with our team, and we\u2019ll get back to you as quick as possible. [cspf-support-form]\" \/>\n\t\t<script type=\"application\/ld+json\" class=\"aioseo-schema\">\n\t\t\t{\"@context\":\"https:\\\/\\\/schema.org\",\"@graph\":[{\"@type\":\"BreadcrumbList\",\"@id\":\"https:\\\/\\\/wishlistlms.com\\\/pt\\\/premium-support-request\\\/#breadcrumblist\",\"itemListElement\":[{\"@type\":\"ListItem\",\"@id\":\"https:\\\/\\\/wishlistlms.com\\\/pt#listItem\",\"position\":1,\"name\":\"Home\",\"item\":\"https:\\\/\\\/wishlistlms.com\\\/pt\",\"nextItem\":{\"@type\":\"ListItem\",\"@id\":\"https:\\\/\\\/wishlistlms.com\\\/pt\\\/premium-support-request\\\/#listItem\",\"name\":\"Premium Support Request\"}},{\"@type\":\"ListItem\",\"@id\":\"https:\\\/\\\/wishlistlms.com\\\/pt\\\/premium-support-request\\\/#listItem\",\"position\":2,\"name\":\"Premium Support Request\",\"previousItem\":{\"@type\":\"ListItem\",\"@id\":\"https:\\\/\\\/wishlistlms.com\\\/pt#listItem\",\"name\":\"Home\"}}]},{\"@type\":\"Organization\",\"@id\":\"https:\\\/\\\/wishlistlms.com\\\/pt\\\/#organization\",\"name\":\"WishList LMS\",\"url\":\"https:\\\/\\\/wishlistlms.com\\\/pt\\\/\"},{\"@type\":\"WebPage\",\"@id\":\"https:\\\/\\\/wishlistlms.com\\\/pt\\\/premium-support-request\\\/#webpage\",\"url\":\"https:\\\/\\\/wishlistlms.com\\\/pt\\\/premium-support-request\\\/\",\"name\":\"Premium Support Request - WishList LMS\",\"description\":\"As a WishList LMS customer, you\\u2019re covered by Premium Support. Just fill out the form below to connect with our team, and we\\u2019ll get back to you as quick as possible. [cspf-support-form]\",\"inLanguage\":\"pt-BR\",\"isPartOf\":{\"@id\":\"https:\\\/\\\/wishlistlms.com\\\/pt\\\/#website\"},\"breadcrumb\":{\"@id\":\"https:\\\/\\\/wishlistlms.com\\\/pt\\\/premium-support-request\\\/#breadcrumblist\"},\"datePublished\":\"2026-02-27T02:35:40-07:00\",\"dateModified\":\"2026-03-24T05:21:13-06:00\"},{\"@type\":\"WebSite\",\"@id\":\"https:\\\/\\\/wishlistlms.com\\\/pt\\\/#website\",\"url\":\"https:\\\/\\\/wishlistlms.com\\\/pt\\\/\",\"name\":\"WishList LMS\",\"inLanguage\":\"pt-BR\",\"publisher\":{\"@id\":\"https:\\\/\\\/wishlistlms.com\\\/pt\\\/#organization\"}}]}\n\t\t<\/script>\n\t\t<!-- All in One SEO Pro -->\r\n\t\t<title>Premium Support Request - WishList LMS<\/title>\n\n","aioseo_head_json":{"title":"Solicita\u00e7\u00e3o de suporte premium - WishList LMS","description":"As a WishList LMS customer, you\u2019re covered by Premium Support. Just fill out the form below to connect with our team, and we\u2019ll get back to you as quick as possible. [cspf-support-form]","canonical_url":"https:\/\/wishlistlms.com\/pt\/premium-support-request\/","robots":"max-image-preview:large","keywords":"","webmasterTools":{"miscellaneous":""},"schema":{"@context":"https:\/\/schema.org","@graph":[{"@type":"BreadcrumbList","@id":"https:\/\/wishlistlms.com\/pt\/premium-support-request\/#breadcrumblist","itemListElement":[{"@type":"ListItem","@id":"https:\/\/wishlistlms.com\/pt#listItem","position":1,"name":"Home","item":"https:\/\/wishlistlms.com\/pt","nextItem":{"@type":"ListItem","@id":"https:\/\/wishlistlms.com\/pt\/premium-support-request\/#listItem","name":"Premium Support Request"}},{"@type":"ListItem","@id":"https:\/\/wishlistlms.com\/pt\/premium-support-request\/#listItem","position":2,"name":"Premium Support Request","previousItem":{"@type":"ListItem","@id":"https:\/\/wishlistlms.com\/pt#listItem","name":"Home"}}]},{"@type":"Organization","@id":"https:\/\/wishlistlms.com\/pt\/#organization","name":"WishList LMS","url":"https:\/\/wishlistlms.com\/pt\/"},{"@type":"WebPage","@id":"https:\/\/wishlistlms.com\/pt\/premium-support-request\/#webpage","url":"https:\/\/wishlistlms.com\/pt\/premium-support-request\/","name":"Premium Support Request - WishList LMS","description":"As a WishList LMS customer, you\u2019re covered by Premium Support. Just fill out the form below to connect with our team, and we\u2019ll get back to you as quick as possible. [cspf-support-form]","inLanguage":"pt-BR","isPartOf":{"@id":"https:\/\/wishlistlms.com\/pt\/#website"},"breadcrumb":{"@id":"https:\/\/wishlistlms.com\/pt\/premium-support-request\/#breadcrumblist"},"datePublished":"2026-02-27T02:35:40-07:00","dateModified":"2026-03-24T05:21:13-06:00"},{"@type":"WebSite","@id":"https:\/\/wishlistlms.com\/pt\/#website","url":"https:\/\/wishlistlms.com\/pt\/","name":"WishList LMS","inLanguage":"pt-BR","publisher":{"@id":"https:\/\/wishlistlms.com\/pt\/#organization"}}]},"og:locale":"pt_BR","og:site_name":"WishList LMS -","og:type":"article","og:title":"Premium Support Request - WishList LMS","og:description":"As a WishList LMS customer, you\u2019re covered by Premium Support. Just fill out the form below to connect with our team, and we\u2019ll get back to you as quick as possible. [cspf-support-form]","og:url":"https:\/\/wishlistlms.com\/pt\/premium-support-request\/","article:published_time":"2026-02-27T09:35:40+00:00","article:modified_time":"2026-03-24T11:21:13+00:00","twitter:card":"summary_large_image","twitter:title":"Premium Support Request - WishList LMS","twitter:description":"As a WishList LMS customer, you\u2019re covered by Premium Support. Just fill out the form below to connect with our team, and we\u2019ll get back to you as quick as possible. [cspf-support-form]"},"aioseo_meta_data":{"post_id":"2152","title":null,"description":null,"keywords":null,"keyphrases":{"focus":{"keyphrase":"","score":0,"analysis":{"keyphraseInTitle":{"score":0,"maxScore":9,"error":1}}},"additional":[]},"primary_term":null,"canonical_url":null,"og_title":null,"og_description":null,"og_object_type":"default","og_image_type":"default","og_image_url":null,"og_image_width":null,"og_image_height":null,"og_image_custom_url":null,"og_image_custom_fields":null,"og_video":"","og_custom_url":null,"og_article_section":null,"og_article_tags":null,"twitter_use_og":false,"twitter_card":"default","twitter_image_type":"default","twitter_image_url":null,"twitter_image_custom_url":null,"twitter_image_custom_fields":null,"twitter_title":null,"twitter_description":null,"schema":{"blockGraphs":[],"customGraphs":[],"default":{"data":{"Article":[],"Course":[],"Dataset":[],"FAQPage":[],"Movie":[],"Person":[],"Product":[],"ProductReview":[],"Car":[],"Recipe":[],"Service":[],"SoftwareApplication":[],"WebPage":[]},"graphName":"WebPage","isEnabled":true},"graphs":[]},"schema_type":"default","schema_type_options":null,"pillar_content":false,"robots_default":true,"robots_noindex":false,"robots_noarchive":false,"robots_nosnippet":false,"robots_nofollow":false,"robots_noimageindex":false,"robots_noodp":false,"robots_notranslate":false,"robots_max_snippet":"-1","robots_max_videopreview":"-1","robots_max_imagepreview":"large","priority":null,"frequency":"default","local_seo":null,"seo_analyzer_scan_date":"2026-03-24 12:17:16","breadcrumb_settings":null,"limit_modified_date":false,"open_ai":null,"ai":{"faqs":[],"keyPoints":[],"titles":[],"descriptions":[],"socialPosts":{"email":[],"linkedin":[],"twitter":[],"facebook":[],"instagram":[]}},"created":"2026-02-27 09:35:41","updated":"2026-03-24 12:17:33"},"aioseo_breadcrumb":"<div class=\"aioseo-breadcrumbs\"><span class=\"aioseo-breadcrumb\">\n\t<a href=\"https:\/\/wishlistlms.com\/pt\" title=\"Home\">Home<\/a>\n<\/span><span class=\"aioseo-breadcrumb-separator\">&raquo;<\/span><span class=\"aioseo-breadcrumb\">\n\tPremium Support Request\n<\/span><\/div>","aioseo_breadcrumb_json":[{"label":"Home","link":"https:\/\/wishlistlms.com\/pt"},{"label":"Premium Support Request","link":"https:\/\/wishlistlms.com\/pt\/premium-support-request\/"}],"_links":{"self":[{"href":"https:\/\/wishlistlms.com\/pt\/wp-json\/wp\/v2\/pages\/2152","targetHints":{"allow":["GET"]}}],"collection":[{"href":"https:\/\/wishlistlms.com\/pt\/wp-json\/wp\/v2\/pages"}],"about":[{"href":"https:\/\/wishlistlms.com\/pt\/wp-json\/wp\/v2\/types\/page"}],"author":[{"embeddable":true,"href":"https:\/\/wishlistlms.com\/pt\/wp-json\/wp\/v2\/users\/10"}],"replies":[{"embeddable":true,"href":"https:\/\/wishlistlms.com\/pt\/wp-json\/wp\/v2\/comments?post=2152"}],"version-history":[{"count":4,"href":"https:\/\/wishlistlms.com\/pt\/wp-json\/wp\/v2\/pages\/2152\/revisions"}],"predecessor-version":[{"id":2159,"href":"https:\/\/wishlistlms.com\/pt\/wp-json\/wp\/v2\/pages\/2152\/revisions\/2159"}],"wp:attachment":[{"href":"https:\/\/wishlistlms.com\/pt\/wp-json\/wp\/v2\/media?parent=2152"}],"curies":[{"name":"wp","href":"https:\/\/api.w.org\/{rel}","templated":true}]}}