{"id":3,"date":"2025-01-23T17:37:26","date_gmt":"2025-01-23T17:37:26","guid":{"rendered":"http:\/\/wishlistlms.com\/?page_id=3"},"modified":"2026-03-11T20:08:20","modified_gmt":"2026-03-12T02:08:20","slug":"politique-de-confidentialite","status":"publish","type":"page","link":"https:\/\/wishlistlms.com\/fr\/privacy-policy\/","title":{"rendered":"Politique de confidentialit\u00e9"},"content":{"rendered":"<div class=\"wp-block-group alignwide is-style-default is-layout-flow wp-block-group-is-layout-flow\">\n<p>Votre vie priv\u00e9e est tr\u00e8s importante pour nous. Chez WishList LMS, nous suivons quelques principes fondamentaux :<\/p>\n\n\n\n<ul class=\"wp-block-list\">\n<li>Nous ne vous demandons pas d'informations personnelles, sauf si nous en avons vraiment besoin. (Nous ne supportons pas les services qui vous demandent sans raison apparente des informations telles que votre sexe ou votre niveau de revenu).<\/li>\n\n\n\n<li>Nous ne partageons vos informations personnelles avec personne, sauf pour nous conformer \u00e0 la loi, d\u00e9velopper nos produits ou prot\u00e9ger nos droits.<\/li>\n\n\n\n<li>Nous ne stockons pas d'informations personnelles sur nos serveurs, sauf si cela est n\u00e9cessaire au fonctionnement continu de notre site.<\/li>\n<\/ul>\n\n\n\n<p>WishList Products, LLC (\u201cWishList LMS\u201d dba WishList LMS) exploite plusieurs sites web dont wishlistlms.com. La politique de WishList LMS est de respecter votre vie priv\u00e9e en ce qui concerne toutes les informations que nous pouvons collecter en exploitant nos sites Web.<\/p>\n\n\n\n<p><strong>Visiteurs du site web<\/strong><\/p>\n\n\n\n<p>Comme la plupart des op\u00e9rateurs de sites web, WishList LMS recueille des informations d'identification non personnelles du type de celles que les navigateurs web et les serveurs mettent g\u00e9n\u00e9ralement \u00e0 disposition, telles que le type de navigateur, la pr\u00e9f\u00e9rence linguistique, le site de r\u00e9f\u00e9rence et la date et l'heure de chaque demande du visiteur. L'objectif de WishList LMS en recueillant des informations d'identification non personnelles est de mieux comprendre comment les visiteurs de WishList LMS utilisent son site web. De temps en temps, WishList LMS peut publier des informations d'identification non personnelles dans l'ensemble, par exemple en publiant un rapport sur les tendances d'utilisation de son site web.<\/p>\n\n\n\n<p>WishList LMS recueille \u00e9galement des informations potentiellement identifiantes comme le protocole Internet (IP) pour les utilisateurs connect\u00e9s et pour les utilisateurs laissant des commentaires sur nos blogs. WishList LMS ne divulgue les adresses IP des utilisateurs connect\u00e9s et des commentateurs que dans les m\u00eames circonstances que celles dans lesquelles il utilise et divulgue les informations d'identification personnelle d\u00e9crites ci-dessous, sauf que les adresses IP des commentateurs de blogs sont visibles et divulgu\u00e9es aux administrateurs du blog o\u00f9 le commentaire a \u00e9t\u00e9 laiss\u00e9.<\/p>\n\n\n\n<p><strong>Collecte d'informations d'identification personnelle<\/strong><\/p>\n\n\n\n<p>Certains visiteurs des sites web de WishList LMS choisissent d'interagir avec WishList LMS d'une mani\u00e8re qui exige que WishList LMS recueille des informations d'identification personnelle. La quantit\u00e9 et le type d'informations que WishList LMS recueille d\u00e9pendent de la nature de l'interaction. Par exemple, nous demandons aux visiteurs qui commentent notre blog de fournir un nom d'utilisateur et une adresse e-mail. Ceux qui souhaitent recevoir les mises \u00e0 jour de WishList LMS par e-mail, nous recueillons leurs e-mails. Dans chaque cas, WishList LMS recueille ces informations uniquement dans la mesure o\u00f9 elles sont n\u00e9cessaires ou appropri\u00e9es pour atteindre l'objectif de l'interaction du visiteur avec WishList LMS. WishList LMS ne divulgue pas d'informations d'identification personnelle autres que celles d\u00e9crites ci-dessous. Les visiteurs peuvent toujours refuser de fournir des informations d'identification personnelle, \u00e0 condition que cela les emp\u00eache de s'engager dans certaines activit\u00e9s li\u00e9es au site web.<\/p>\n\n\n\n<p><strong>Statistiques agr\u00e9g\u00e9es<\/strong><\/p>\n\n\n\n<p>WishList LMS peut collecter des statistiques sur le comportement des visiteurs de ses sites Internet. Par exemple, WishList LMS peut surveiller les pages les plus populaires sur le site wishlistlms.com ou utiliser les spams filtr\u00e9s par le service Akismet pour aider \u00e0 identifier les spams. WishList LMS peut afficher ces informations publiquement ou les fournir \u00e0 d'autres. Cependant, WishList LMS ne divulgue pas d'informations d'identification personnelle autres que celles d\u00e9crites ci-dessous.<\/p>\n\n\n\n<p><strong>Protection de certaines informations d'identification personnelle<\/strong><\/p>\n\n\n\n<p>WishList LMS divulgue des informations potentiellement identifiantes et personnelles uniquement \u00e0 ses employ\u00e9s, entrepreneurs et organisations affili\u00e9es qui (i) ont besoin de conna\u00eetre ces informations afin de les traiter pour le compte de WishList LMS ou de fournir des services disponibles sur les sites web de WishList LMS, et (ii) qui ont accept\u00e9 de ne pas les divulguer \u00e0 d'autres personnes. Certains de ces employ\u00e9s, contractants et organisations affili\u00e9es peuvent \u00eatre situ\u00e9s en dehors de votre pays d'origine ; en utilisant les sites web de WishList LMS, vous consentez au transfert de ces informations vers eux. WishList LMS ne louera ni ne vendra \u00e0 quiconque des informations potentiellement nominatives et d'identification personnelle. En dehors de ses employ\u00e9s, contractants et organisations affili\u00e9es, comme d\u00e9crit ci-dessus, WishList LMS divulgue des informations d'identification personnelle et potentiellement personnelles uniquement en r\u00e9ponse \u00e0 une citation \u00e0 compara\u00eetre, une ordonnance du tribunal ou une autre demande gouvernementale, ou lorsque WishList LMS croit en toute bonne foi que la divulgation est raisonnablement n\u00e9cessaire pour prot\u00e9ger la propri\u00e9t\u00e9 ou les droits de WishList LMS, des tiers ou du public en g\u00e9n\u00e9ral. Si vous \u00eates un utilisateur enregistr\u00e9 d'un site web de WishList LMS et que vous avez fourni votre adresse email, WishList LMS peut occasionnellement vous envoyer un email pour vous parler de nouvelles fonctionnalit\u00e9s, solliciter vos commentaires, ou simplement vous tenir au courant de ce qui se passe avec WishList LMS et nos produits. Nous utilisons principalement nos diff\u00e9rents blogs de produits pour communiquer ce type d'information, nous esp\u00e9rons donc limiter ce type d'email au minimum. Si vous nous envoyez une demande (par exemple via un email de support ou via l'un de nos m\u00e9canismes de retour d'information), nous nous r\u00e9servons le droit de la publier afin de nous aider \u00e0 clarifier ou \u00e0 r\u00e9pondre \u00e0 votre demande ou pour nous aider \u00e0 soutenir d'autres utilisateurs. WishList LMS prend toutes les mesures raisonnablement n\u00e9cessaires pour se prot\u00e9ger contre l'acc\u00e8s non autoris\u00e9, l'utilisation, l'alt\u00e9ration ou la destruction des informations d'identification personnelle et potentiellement personnelles.<\/p>\n\n\n\n<p><strong>Cookies<\/strong><\/p>\n\n\n\n<p>Un cookie est une cha\u00eene d'informations qu'un site web stocke sur l'ordinateur d'un visiteur et que le navigateur du visiteur fournit au site web \u00e0 chaque fois que le visiteur revient. WishList LMS utilise des cookies pour aider WishList LMS \u00e0 identifier et suivre les visiteurs, leur utilisation des sites web WishList LMS et leurs pr\u00e9f\u00e9rences d'acc\u00e8s au site web. Les visiteurs des sites web de WishList LMS qui ne souhaitent pas que des cookies soient plac\u00e9s sur leur ordinateur doivent configurer leur navigateur pour refuser les cookies avant d'utiliser les sites web de WishList LMS, avec l'inconv\u00e9nient que certaines fonctionnalit\u00e9s des sites web de WishList LMS peuvent ne pas fonctionner correctement sans l'aide des cookies.<\/p>\n\n\n\n<p><strong>Suivi de l'utilisation<\/strong><\/p>\n\n\n\n<p>WishList LMS recueille certaines informations par le biais du suivi de l'utilisation. Le but du suivi de l'utilisation aide WishList LMS \u00e0 mieux comprendre nos utilisateurs et les besoins de leur site web en examinant une s\u00e9rie de variables dans leur plugin WishList LMS, WordPress et leur h\u00e9bergeur. Ces informations nous permettent d'am\u00e9liorer continuellement notre produit ainsi que notre processus de questions-r\u00e9ponses et de tests. Les informations peuvent inclure la cl\u00e9 de licence (et le type), les dates d'activation du plugin, les statistiques d'adh\u00e9sion et de transaction pour nous aider \u00e0 nous assurer que nos fonctionnalit\u00e9s et nos mises \u00e0 jour sont test\u00e9es dans des situations qui correspondent \u00e9troitement aux environnements des sites de nos clients et \u00e0 l'utilisation de WishList LMS. Nous pouvons \u00e9galement collecter des informations sur les int\u00e9grations actives et les param\u00e8tres des plugins, mais les param\u00e8tres sensibles tels que les cl\u00e9s API sont automatiquement exclus du suivi.<\/p>\n\n\n\n<p>Notre suivi de l'utilisation comprend la collecte d'informations sur le th\u00e8me\/les plugins WordPress actifs, la localisation, le fuseau horaire, l'activation ou non du SSL, ou si un site est un multisite, et l'URL du site. En outre, le suivi de l'utilisation comprend la d\u00e9termination des versions PHP et MySQL afin de nous aider \u00e0 nous assurer que nos proc\u00e9dures de test ont une couverture appropri\u00e9e pour \u00e9viter les probl\u00e8mes de compatibilit\u00e9, et la d\u00e9termination du logiciel du serveur, qui est utilis\u00e9 \u00e0 des fins de test.<\/p>\n\n\n\n<p>Refus du suivi de l'utilisation<\/p>\n\n\n\n<p>Lorsque vous installez WishList LMS, vous serez, par d\u00e9faut, autoris\u00e9 \u00e0 suivre votre utilisation. Pour le d\u00e9sactiver, il suffit d'aller dans WishList LMS &gt; Param\u00e8tres &gt; G\u00e9n\u00e9ral ; sur cet \u00e9cran, vous devrez cocher la case D\u00e9sactiver le rapport d'utilisation anonyme.<\/p>\n\n\n\n<p><strong>Transferts d'entreprises<\/strong><\/p>\n\n\n\n<p>Si WishList LMS, ou la quasi-totalit\u00e9 de ses actifs, \u00e9tait acquis, ou dans le cas improbable o\u00f9 WishList LMS se retirerait des affaires ou entrerait en faillite, les informations des utilisateurs seraient l'un des actifs transf\u00e9r\u00e9s ou acquis par une tierce partie. Vous reconnaissez que de tels transferts peuvent avoir lieu, et que tout acqu\u00e9reur de WishList LMS peut continuer \u00e0 utiliser vos informations personnelles comme indiqu\u00e9 dans cette politique.<\/p>\n\n\n\n<p><strong>Annonces<\/strong><\/p>\n\n\n\n<p>Les publicit\u00e9s apparaissant sur l'un de nos sites web peuvent \u00eatre diffus\u00e9es aux utilisateurs par des partenaires publicitaires, qui peuvent installer des cookies. Ces cookies permettent au serveur publicitaire de reconna\u00eetre votre ordinateur chaque fois qu'il vous envoie une publicit\u00e9 en ligne afin de compiler des informations sur vous ou sur d'autres personnes qui utilisent votre ordinateur. Ces informations permettent aux r\u00e9seaux publicitaires, entre autres, de fournir des publicit\u00e9s cibl\u00e9es qui, selon eux, vous int\u00e9ressent le plus. Cette politique de confidentialit\u00e9 couvre l'utilisation des cookies par WishList LMS et ne couvre pas l'utilisation des cookies par les annonceurs.<\/p>\n\n\n\n<p><strong>Commentaires<\/strong><\/p>\n\n\n\n<p>Les commentaires et autres contenus soumis au service anti-spam Akismet sont enregistr\u00e9s sur nos serveurs, sauf s'ils ont \u00e9t\u00e9 marqu\u00e9s comme faux positifs, auquel cas nous les conservons suffisamment longtemps pour les utiliser afin d'am\u00e9liorer le service et d'\u00e9viter les faux positifs \u00e0 l'avenir.<\/p>\n\n\n\n<p><strong>Modifications de la politique de confidentialit\u00e9<\/strong><\/p>\n\n\n\n<p>Bien que la plupart des changements soient mineurs, WishList LMS peut modifier sa politique de confidentialit\u00e9 de temps en temps et \u00e0 la seule discr\u00e9tion de WishList LMS. WishList LMS encourage les visiteurs \u00e0 v\u00e9rifier fr\u00e9quemment cette page pour tout changement de sa politique de confidentialit\u00e9. Votre utilisation continue de ce site apr\u00e8s tout changement de cette politique de confidentialit\u00e9 constituera votre acceptation de ce changement.<\/p>\n<\/div>\n\n\n\n<p><\/p>","protected":false},"excerpt":{"rendered":"<p>Your privacy is very important to us. At WishList LMS we have a few fundamental principles that we follow: WishList Products, LLC (\u201cWishList LMS\u201d dba WishList LMS) operates several websites including wishlistlms.com. It is WishList LMS\u2019s policy to respect your privacy regarding any information we may collect while operating our websites. Website Visitors Like most&hellip;<\/p>","protected":false},"author":3,"featured_media":0,"parent":0,"menu_order":0,"comment_status":"closed","ping_status":"closed","template":"single_framed","meta":{"om_disable_all_campaigns":false,"_monsterinsights_skip_tracking":false,"_monsterinsights_sitenote_active":false,"_monsterinsights_sitenote_note":"","_monsterinsights_sitenote_category":0,"footnotes":"","maurice_hero_tagline":"","maurice_hero_title":"","maurice_hero_subtitle":"","maurice_hero_cta_link":"","maurice_hero_cta_text":""},"class_list":["post-3","page","type-page","status-publish","hentry"],"aioseo_notices":[],"aioseo_head":"\n\t\t<!-- All in One SEO Pro 4.9.5.2 - aioseo.com -->\n\t<meta name=\"description\" content=\"Your privacy is very important to us. At WishList LMS we have a few fundamental principles that we follow: We don\u2019t ask you for personal information unless we truly need it. (We can\u2019t stand services that ask you for things like your gender or income level for no apparent reason.) We don\u2019t share your personal\" \/>\n\t<meta name=\"robots\" content=\"max-image-preview:large\" \/>\n\t<link rel=\"canonical\" href=\"https:\/\/wishlistlms.com\/fr\/privacy-policy\/\" \/>\n\t<meta name=\"generator\" content=\"All in One SEO Pro (AIOSEO) 4.9.5.2\" \/>\n\t\t<meta property=\"og:locale\" content=\"fr_FR\" \/>\n\t\t<meta property=\"og:site_name\" content=\"WishList LMS -\" \/>\n\t\t<meta property=\"og:type\" content=\"article\" \/>\n\t\t<meta property=\"og:title\" content=\"Privacy Policy - WishList LMS\" \/>\n\t\t<meta property=\"og:description\" content=\"Your privacy is very important to us. At WishList LMS we have a few fundamental principles that we follow: We don\u2019t ask you for personal information unless we truly need it. (We can\u2019t stand services that ask you for things like your gender or income level for no apparent reason.) We don\u2019t share your personal\" \/>\n\t\t<meta property=\"og:url\" content=\"https:\/\/wishlistlms.com\/fr\/privacy-policy\/\" \/>\n\t\t<meta property=\"article:published_time\" content=\"2025-01-23T17:37:26+00:00\" \/>\n\t\t<meta property=\"article:modified_time\" content=\"2026-03-12T02:08:20+00:00\" \/>\n\t\t<meta name=\"twitter:card\" content=\"summary_large_image\" \/>\n\t\t<meta name=\"twitter:title\" content=\"Privacy Policy - WishList LMS\" \/>\n\t\t<meta name=\"twitter:description\" content=\"Your privacy is very important to us. At WishList LMS we have a few fundamental principles that we follow: We don\u2019t ask you for personal information unless we truly need it. (We can\u2019t stand services that ask you for things like your gender or income level for no apparent reason.) We don\u2019t share your personal\" \/>\n\t\t<script type=\"application\/ld+json\" class=\"aioseo-schema\">\n\t\t\t{\"@context\":\"https:\\\/\\\/schema.org\",\"@graph\":[{\"@type\":\"BreadcrumbList\",\"@id\":\"https:\\\/\\\/wishlistlms.com\\\/fr\\\/privacy-policy\\\/#breadcrumblist\",\"itemListElement\":[{\"@type\":\"ListItem\",\"@id\":\"https:\\\/\\\/wishlistlms.com\\\/fr#listItem\",\"position\":1,\"name\":\"Home\",\"item\":\"https:\\\/\\\/wishlistlms.com\\\/fr\",\"nextItem\":{\"@type\":\"ListItem\",\"@id\":\"https:\\\/\\\/wishlistlms.com\\\/fr\\\/privacy-policy\\\/#listItem\",\"name\":\"Privacy Policy\"}},{\"@type\":\"ListItem\",\"@id\":\"https:\\\/\\\/wishlistlms.com\\\/fr\\\/privacy-policy\\\/#listItem\",\"position\":2,\"name\":\"Privacy Policy\",\"previousItem\":{\"@type\":\"ListItem\",\"@id\":\"https:\\\/\\\/wishlistlms.com\\\/fr#listItem\",\"name\":\"Home\"}}]},{\"@type\":\"Organization\",\"@id\":\"https:\\\/\\\/wishlistlms.com\\\/fr\\\/#organization\",\"name\":\"WishList LMS\",\"url\":\"https:\\\/\\\/wishlistlms.com\\\/fr\\\/\"},{\"@type\":\"WebPage\",\"@id\":\"https:\\\/\\\/wishlistlms.com\\\/fr\\\/privacy-policy\\\/#webpage\",\"url\":\"https:\\\/\\\/wishlistlms.com\\\/fr\\\/privacy-policy\\\/\",\"name\":\"Privacy Policy - WishList LMS\",\"description\":\"Your privacy is very important to us. At WishList LMS we have a few fundamental principles that we follow: We don\\u2019t ask you for personal information unless we truly need it. (We can\\u2019t stand services that ask you for things like your gender or income level for no apparent reason.) We don\\u2019t share your personal\",\"inLanguage\":\"fr-FR\",\"isPartOf\":{\"@id\":\"https:\\\/\\\/wishlistlms.com\\\/fr\\\/#website\"},\"breadcrumb\":{\"@id\":\"https:\\\/\\\/wishlistlms.com\\\/fr\\\/privacy-policy\\\/#breadcrumblist\"},\"datePublished\":\"2025-01-23T17:37:26-07:00\",\"dateModified\":\"2026-03-11T20:08:20-06:00\"},{\"@type\":\"WebSite\",\"@id\":\"https:\\\/\\\/wishlistlms.com\\\/fr\\\/#website\",\"url\":\"https:\\\/\\\/wishlistlms.com\\\/fr\\\/\",\"name\":\"WishList LMS\",\"inLanguage\":\"fr-FR\",\"publisher\":{\"@id\":\"https:\\\/\\\/wishlistlms.com\\\/fr\\\/#organization\"}}]}\n\t\t<\/script>\n\t\t<!-- All in One SEO Pro -->\r\n\t\t<title>Privacy Policy - WishList LMS<\/title>\n\n","aioseo_head_json":{"title":"Politique de confidentialit\u00e9 - WishList LMS","description":"Votre vie priv\u00e9e est tr\u00e8s importante pour nous. Chez WishList LMS, nous suivons quelques principes fondamentaux : Nous ne vous demandons pas d'informations personnelles \u00e0 moins que nous n'en ayons vraiment besoin. (Nous ne supportons pas les services qui vous demandent des choses comme votre sexe ou votre niveau de revenu sans raison apparente). Nous ne partageons pas vos donn\u00e9es personnelles","canonical_url":"https:\/\/wishlistlms.com\/fr\/privacy-policy\/","robots":"max-image-preview:large","keywords":"","webmasterTools":{"miscellaneous":""},"schema":{"@context":"https:\/\/schema.org","@graph":[{"@type":"BreadcrumbList","@id":"https:\/\/wishlistlms.com\/fr\/privacy-policy\/#breadcrumblist","itemListElement":[{"@type":"ListItem","@id":"https:\/\/wishlistlms.com\/fr#listItem","position":1,"name":"Home","item":"https:\/\/wishlistlms.com\/fr","nextItem":{"@type":"ListItem","@id":"https:\/\/wishlistlms.com\/fr\/privacy-policy\/#listItem","name":"Privacy Policy"}},{"@type":"ListItem","@id":"https:\/\/wishlistlms.com\/fr\/privacy-policy\/#listItem","position":2,"name":"Privacy Policy","previousItem":{"@type":"ListItem","@id":"https:\/\/wishlistlms.com\/fr#listItem","name":"Home"}}]},{"@type":"Organization","@id":"https:\/\/wishlistlms.com\/fr\/#organization","name":"WishList LMS","url":"https:\/\/wishlistlms.com\/fr\/"},{"@type":"WebPage","@id":"https:\/\/wishlistlms.com\/fr\/privacy-policy\/#webpage","url":"https:\/\/wishlistlms.com\/fr\/privacy-policy\/","name":"Privacy Policy - WishList LMS","description":"Your privacy is very important to us. At WishList LMS we have a few fundamental principles that we follow: We don\u2019t ask you for personal information unless we truly need it. (We can\u2019t stand services that ask you for things like your gender or income level for no apparent reason.) We don\u2019t share your personal","inLanguage":"fr-FR","isPartOf":{"@id":"https:\/\/wishlistlms.com\/fr\/#website"},"breadcrumb":{"@id":"https:\/\/wishlistlms.com\/fr\/privacy-policy\/#breadcrumblist"},"datePublished":"2025-01-23T17:37:26-07:00","dateModified":"2026-03-11T20:08:20-06:00"},{"@type":"WebSite","@id":"https:\/\/wishlistlms.com\/fr\/#website","url":"https:\/\/wishlistlms.com\/fr\/","name":"WishList LMS","inLanguage":"fr-FR","publisher":{"@id":"https:\/\/wishlistlms.com\/fr\/#organization"}}]},"og:locale":"fr_FR","og:site_name":"WishList LMS -","og:type":"article","og:title":"Privacy Policy - WishList LMS","og:description":"Your privacy is very important to us. At WishList LMS we have a few fundamental principles that we follow: We don\u2019t ask you for personal information unless we truly need it. (We can\u2019t stand services that ask you for things like your gender or income level for no apparent reason.) We don\u2019t share your personal","og:url":"https:\/\/wishlistlms.com\/fr\/privacy-policy\/","article:published_time":"2025-01-23T17:37:26+00:00","article:modified_time":"2026-03-12T02:08:20+00:00","twitter:card":"summary_large_image","twitter:title":"Privacy Policy - WishList LMS","twitter:description":"Your privacy is very important to us. At WishList LMS we have a few fundamental principles that we follow: We don\u2019t ask you for personal information unless we truly need it. (We can\u2019t stand services that ask you for things like your gender or income level for no apparent reason.) We don\u2019t share your personal"},"aioseo_meta_data":{"post_id":"3","title":null,"description":null,"keywords":null,"keyphrases":{"focus":{"keyphrase":"","score":0,"analysis":{"keyphraseInTitle":{"score":0,"maxScore":9,"error":1}}},"additional":[]},"primary_term":null,"canonical_url":null,"og_title":null,"og_description":null,"og_object_type":"default","og_image_type":"default","og_image_url":null,"og_image_width":null,"og_image_height":null,"og_image_custom_url":null,"og_image_custom_fields":null,"og_video":"","og_custom_url":null,"og_article_section":null,"og_article_tags":null,"twitter_use_og":false,"twitter_card":"default","twitter_image_type":"default","twitter_image_url":null,"twitter_image_custom_url":null,"twitter_image_custom_fields":null,"twitter_title":null,"twitter_description":null,"schema":{"blockGraphs":[],"customGraphs":[],"default":{"data":{"Article":[],"Course":[],"Dataset":[],"FAQPage":[],"Movie":[],"Person":[],"Product":[],"ProductReview":[],"Car":[],"Recipe":[],"Service":[],"SoftwareApplication":[],"WebPage":[]},"graphName":"WebPage","isEnabled":true},"graphs":[]},"schema_type":"default","schema_type_options":null,"pillar_content":false,"robots_default":true,"robots_noindex":false,"robots_noarchive":false,"robots_nosnippet":false,"robots_nofollow":false,"robots_noimageindex":false,"robots_noodp":false,"robots_notranslate":false,"robots_max_snippet":"-1","robots_max_videopreview":"-1","robots_max_imagepreview":"large","priority":null,"frequency":"default","local_seo":null,"seo_analyzer_scan_date":"2026-03-12 02:17:44","breadcrumb_settings":null,"limit_modified_date":false,"open_ai":null,"ai":{"faqs":[],"keyPoints":[],"titles":[],"descriptions":[],"socialPosts":{"email":[],"linkedin":[],"twitter":[],"facebook":[],"instagram":[]}},"created":"2025-06-13 13:44:07","updated":"2026-03-12 02:17:44"},"aioseo_breadcrumb":"<div class=\"aioseo-breadcrumbs\"><span class=\"aioseo-breadcrumb\">\n\t<a href=\"https:\/\/wishlistlms.com\/fr\" title=\"Home\">Home<\/a>\n<\/span><span class=\"aioseo-breadcrumb-separator\">&raquo;<\/span><span class=\"aioseo-breadcrumb\">\n\tPrivacy Policy\n<\/span><\/div>","aioseo_breadcrumb_json":[{"label":"Home","link":"https:\/\/wishlistlms.com\/fr"},{"label":"Privacy Policy","link":"https:\/\/wishlistlms.com\/fr\/privacy-policy\/"}],"_links":{"self":[{"href":"https:\/\/wishlistlms.com\/fr\/wp-json\/wp\/v2\/pages\/3","targetHints":{"allow":["GET"]}}],"collection":[{"href":"https:\/\/wishlistlms.com\/fr\/wp-json\/wp\/v2\/pages"}],"about":[{"href":"https:\/\/wishlistlms.com\/fr\/wp-json\/wp\/v2\/types\/page"}],"author":[{"embeddable":true,"href":"https:\/\/wishlistlms.com\/fr\/wp-json\/wp\/v2\/users\/3"}],"replies":[{"embeddable":true,"href":"https:\/\/wishlistlms.com\/fr\/wp-json\/wp\/v2\/comments?post=3"}],"version-history":[{"count":18,"href":"https:\/\/wishlistlms.com\/fr\/wp-json\/wp\/v2\/pages\/3\/revisions"}],"predecessor-version":[{"id":2314,"href":"https:\/\/wishlistlms.com\/fr\/wp-json\/wp\/v2\/pages\/3\/revisions\/2314"}],"wp:attachment":[{"href":"https:\/\/wishlistlms.com\/fr\/wp-json\/wp\/v2\/media?parent=3"}],"curies":[{"name":"wp","href":"https:\/\/api.w.org\/{rel}","templated":true}]}}