{"id":300,"date":"2025-05-31T11:30:53","date_gmt":"2025-05-31T17:30:53","guid":{"rendered":"https:\/\/wishlistlms.com\/?page_id=300"},"modified":"2026-04-07T16:13:05","modified_gmt":"2026-04-07T22:13:05","slug":"soporte","status":"publish","type":"page","link":"https:\/\/wishlistlms.com\/es\/support\/","title":{"rendered":"Ayuda"},"content":{"rendered":"<div class=\"wp-block-group alignfull is-style-maurice-layout-container has-primary-for-background-background-color has-background has-global-padding is-layout-constrained wp-container-core-group-is-layout-7cbc5be6 wp-block-group-is-layout-constrained is-style-maurice-layout-container--1\">\n<div class=\"wp-block-group is-style-maurice-widget-container has-border-color has-contrast-border-color has-global-padding is-layout-constrained wp-block-group-is-layout-constrained is-style-maurice-widget-container--2\" style=\"border-width:1px\">\n<h4 class=\"wp-block-heading has-text-align-center\"><strong>Base de conocimientos<\/strong><\/h4>\n\n\n\n<p class=\"has-normal-font-size\">Explora nuestra completa biblioteca de documentos de soporte para sacar el m\u00e1ximo partido a WishList LMS. Encontrar\u00e1s gu\u00edas paso a paso, consejos \u00fatiles y v\u00eddeos tutoriales que cubren todas las funciones, desde la configuraci\u00f3n del curso hasta las herramientas LMS avanzadas.<\/p>\n\n\n\n<div class=\"wp-block-buttons is-content-justification-center is-layout-flex wp-container-core-buttons-is-layout-a89b3969 wp-block-buttons-is-layout-flex\">\n<div class=\"wp-block-button\"><a class=\"wp-block-button__link wp-element-button\" href=\"https:\/\/wishlistlms.com\/es\/docs\/\">Ver documentos de apoyo<\/a><\/div>\n<\/div>\n<\/div>\n\n\n\n<div class=\"wp-block-group is-style-maurice-widget-container has-border-color has-contrast-border-color has-global-padding is-layout-constrained wp-block-group-is-layout-constrained is-style-maurice-widget-container--3\" style=\"border-width:1px\">\n<h4 class=\"wp-block-heading has-text-align-center\">\u00bfEres nuevo en WishList LMS?<\/h4>\n\n\n\n<p class=\"has-normal-font-size\">Explore nuestras p\u00e1ginas de documentaci\u00f3n y funciones. Si todav\u00eda tiene alguna pregunta, haga clic en el bot\u00f3n Contactar. Nos pondremos en contacto con usted lo antes posible.<\/p>\n\n\n\n<div class=\"wp-block-buttons is-content-justification-center is-layout-flex wp-container-core-buttons-is-layout-a89b3969 wp-block-buttons-is-layout-flex\">\n<div class=\"wp-block-button\"><a class=\"wp-block-button__link wp-element-button\" href=\"https:\/\/wishlistlms.com\/es\/docs\/\">Ver documentos de apoyo<\/a><\/div>\n\n\n\n<div class=\"wp-block-button\"><a class=\"wp-block-button__link wp-element-button\" href=\"https:\/\/wishlistlms.com\/es\/pongase-en-contacto-con\/\">P\u00f3ngase en contacto con nosotros<\/a><\/div>\n<\/div>\n<\/div>\n\n\n\n<div class=\"wp-block-group is-style-maurice-widget-container has-border-color has-contrast-border-color has-global-padding is-layout-constrained wp-block-group-is-layout-constrained is-style-maurice-widget-container--4\" style=\"border-width:1px\">\n<h4 class=\"wp-block-heading has-text-align-center\">WishList LMS Usuarios con licencia<\/h4>\n\n\n\n<p class=\"has-normal-font-size\">Si has adquirido una licencia de WishList LMS Pro y tienes una suscripci\u00f3n de soporte activa, puedes enviar un ticket en cualquier momento a trav\u00e9s de nuestra p\u00e1gina de solicitud de soporte Premium utilizando el inicio de sesi\u00f3n de tu cuenta. <\/p>\n\n\n\n<p class=\"has-normal-font-size\">Una vez enviada su solicitud, nuestro equipo se pondr\u00e1 en contacto con usted en un plazo de 1 a 2 d\u00edas laborables.<\/p>\n\n\n\n<p class=\"has-normal-font-size\">La asistencia est\u00e1 disponible de lunes a viernes, de 9 de la ma\u00f1ana a 5 de la tarde (hora de monta\u00f1a de EE.UU.), excepto los d\u00edas festivos habituales en EE.UU.<\/p>\n\n\n\n<div class=\"wp-block-buttons is-content-justification-center is-layout-flex wp-container-core-buttons-is-layout-a89b3969 wp-block-buttons-is-layout-flex\">\n<div class=\"wp-block-button\"><a class=\"wp-block-button__link wp-element-button\" href=\"https:\/\/wishlistlms.com\/es\/solicitud-de-asistencia-premium\/\">Contacto<\/a><\/div>\n<\/div>\n<\/div>\n<\/div>","protected":false},"excerpt":{"rendered":"<p>Knowledge Base Explore our full library of Support Docs to help you make the most of WishList LMS. You\u2019ll find step-by-step guides, helpful tips, and tutorial videos covering every feature\u2014from course setup to advanced LMS tools. New to WishList LMS? Explore our documentation and feature pages. If you still have some questions, click the Contact&hellip;<\/p>","protected":false},"author":3,"featured_media":0,"parent":0,"menu_order":0,"comment_status":"closed","ping_status":"closed","template":"","meta":{"om_disable_all_campaigns":false,"_monsterinsights_skip_tracking":false,"_monsterinsights_sitenote_active":false,"_monsterinsights_sitenote_note":"","_monsterinsights_sitenote_category":0,"footnotes":"","maurice_hero_tagline":"","maurice_hero_title":"WishList LMS Support","maurice_hero_subtitle":"Running your own platform doesn\u2019t mean going at it alone. Our support docs, guides,<br \/>and Customer Success team are always here whenever you need assistance.","maurice_hero_cta_link":"","maurice_hero_cta_text":""},"class_list":["post-300","page","type-page","status-publish","hentry"],"aioseo_notices":[],"aioseo_head":"\n\t\t<!-- All in One SEO Pro 4.9.5.2 - aioseo.com -->\n\t<meta name=\"description\" content=\"Knowledge Base Explore our full library of Support Docs to help you make the most of WishList LMS. You\u2019ll find step-by-step guides, helpful tips, and tutorial videos covering every feature\u2014from course setup to advanced LMS tools. View Support Docs New to WishList LMS? Explore our documentation and feature pages. If you still have some questions,\" \/>\n\t<meta name=\"robots\" content=\"max-image-preview:large\" \/>\n\t<link rel=\"canonical\" href=\"https:\/\/wishlistlms.com\/es\/support\/\" \/>\n\t<meta name=\"generator\" content=\"All in One SEO Pro (AIOSEO) 4.9.5.2\" \/>\n\t\t<meta property=\"og:locale\" content=\"es_ES\" \/>\n\t\t<meta property=\"og:site_name\" content=\"WishList LMS -\" \/>\n\t\t<meta property=\"og:type\" content=\"article\" \/>\n\t\t<meta property=\"og:title\" content=\"Support - WishList LMS\" \/>\n\t\t<meta property=\"og:description\" content=\"Knowledge Base Explore our full library of Support Docs to help you make the most of WishList LMS. You\u2019ll find step-by-step guides, helpful tips, and tutorial videos covering every feature\u2014from course setup to advanced LMS tools. View Support Docs New to WishList LMS? Explore our documentation and feature pages. If you still have some questions,\" \/>\n\t\t<meta property=\"og:url\" content=\"https:\/\/wishlistlms.com\/es\/support\/\" \/>\n\t\t<meta property=\"article:published_time\" content=\"2025-05-31T17:30:53+00:00\" \/>\n\t\t<meta property=\"article:modified_time\" content=\"2026-04-07T22:13:05+00:00\" \/>\n\t\t<meta name=\"twitter:card\" content=\"summary_large_image\" \/>\n\t\t<meta name=\"twitter:title\" content=\"Support - WishList LMS\" \/>\n\t\t<meta name=\"twitter:description\" content=\"Knowledge Base Explore our full library of Support Docs to help you make the most of WishList LMS. You\u2019ll find step-by-step guides, helpful tips, and tutorial videos covering every feature\u2014from course setup to advanced LMS tools. View Support Docs New to WishList LMS? Explore our documentation and feature pages. If you still have some questions,\" \/>\n\t\t<script type=\"application\/ld+json\" class=\"aioseo-schema\">\n\t\t\t{\"@context\":\"https:\\\/\\\/schema.org\",\"@graph\":[{\"@type\":\"BreadcrumbList\",\"@id\":\"https:\\\/\\\/wishlistlms.com\\\/es\\\/support\\\/#breadcrumblist\",\"itemListElement\":[{\"@type\":\"ListItem\",\"@id\":\"https:\\\/\\\/wishlistlms.com\\\/es#listItem\",\"position\":1,\"name\":\"Home\",\"item\":\"https:\\\/\\\/wishlistlms.com\\\/es\",\"nextItem\":{\"@type\":\"ListItem\",\"@id\":\"https:\\\/\\\/wishlistlms.com\\\/es\\\/support\\\/#listItem\",\"name\":\"Support\"}},{\"@type\":\"ListItem\",\"@id\":\"https:\\\/\\\/wishlistlms.com\\\/es\\\/support\\\/#listItem\",\"position\":2,\"name\":\"Support\",\"previousItem\":{\"@type\":\"ListItem\",\"@id\":\"https:\\\/\\\/wishlistlms.com\\\/es#listItem\",\"name\":\"Home\"}}]},{\"@type\":\"Organization\",\"@id\":\"https:\\\/\\\/wishlistlms.com\\\/es\\\/#organization\",\"name\":\"WishList LMS\",\"url\":\"https:\\\/\\\/wishlistlms.com\\\/es\\\/\"},{\"@type\":\"WebPage\",\"@id\":\"https:\\\/\\\/wishlistlms.com\\\/es\\\/support\\\/#webpage\",\"url\":\"https:\\\/\\\/wishlistlms.com\\\/es\\\/support\\\/\",\"name\":\"Support - WishList LMS\",\"description\":\"Knowledge Base Explore our full library of Support Docs to help you make the most of WishList LMS. You\\u2019ll find step-by-step guides, helpful tips, and tutorial videos covering every feature\\u2014from course setup to advanced LMS tools. View Support Docs New to WishList LMS? Explore our documentation and feature pages. If you still have some questions,\",\"inLanguage\":\"es-ES\",\"isPartOf\":{\"@id\":\"https:\\\/\\\/wishlistlms.com\\\/es\\\/#website\"},\"breadcrumb\":{\"@id\":\"https:\\\/\\\/wishlistlms.com\\\/es\\\/support\\\/#breadcrumblist\"},\"datePublished\":\"2025-05-31T11:30:53-06:00\",\"dateModified\":\"2026-04-07T16:13:05-06:00\"},{\"@type\":\"WebSite\",\"@id\":\"https:\\\/\\\/wishlistlms.com\\\/es\\\/#website\",\"url\":\"https:\\\/\\\/wishlistlms.com\\\/es\\\/\",\"name\":\"WishList LMS\",\"inLanguage\":\"es-ES\",\"publisher\":{\"@id\":\"https:\\\/\\\/wishlistlms.com\\\/es\\\/#organization\"}}]}\n\t\t<\/script>\n\t\t<!-- All in One SEO Pro -->\r\n\t\t<title>Support - WishList LMS<\/title>\n\n","aioseo_head_json":{"title":"Soporte - WishList LMS","description":"Base de conocimientos Explora nuestra completa biblioteca de documentos de soporte para sacarle el m\u00e1ximo partido a WishList LMS. Encontrar\u00e1s gu\u00edas paso a paso, consejos \u00fatiles y v\u00eddeos tutoriales que cubren todas las funciones, desde la configuraci\u00f3n del curso hasta las herramientas LMS avanzadas. Ver documentos de soporte \u00bfEres nuevo en WishList LMS? Explora nuestras p\u00e1ginas de documentaci\u00f3n y funciones. Si a\u00fan tienes preguntas,","canonical_url":"https:\/\/wishlistlms.com\/es\/support\/","robots":"max-image-preview:large","keywords":"","webmasterTools":{"miscellaneous":""},"schema":{"@context":"https:\/\/schema.org","@graph":[{"@type":"BreadcrumbList","@id":"https:\/\/wishlistlms.com\/es\/support\/#breadcrumblist","itemListElement":[{"@type":"ListItem","@id":"https:\/\/wishlistlms.com\/es#listItem","position":1,"name":"Home","item":"https:\/\/wishlistlms.com\/es","nextItem":{"@type":"ListItem","@id":"https:\/\/wishlistlms.com\/es\/support\/#listItem","name":"Support"}},{"@type":"ListItem","@id":"https:\/\/wishlistlms.com\/es\/support\/#listItem","position":2,"name":"Support","previousItem":{"@type":"ListItem","@id":"https:\/\/wishlistlms.com\/es#listItem","name":"Home"}}]},{"@type":"Organization","@id":"https:\/\/wishlistlms.com\/es\/#organization","name":"WishList LMS","url":"https:\/\/wishlistlms.com\/es\/"},{"@type":"WebPage","@id":"https:\/\/wishlistlms.com\/es\/support\/#webpage","url":"https:\/\/wishlistlms.com\/es\/support\/","name":"Support - WishList LMS","description":"Knowledge Base Explore our full library of Support Docs to help you make the most of WishList LMS. You\u2019ll find step-by-step guides, helpful tips, and tutorial videos covering every feature\u2014from course setup to advanced LMS tools. View Support Docs New to WishList LMS? Explore our documentation and feature pages. If you still have some questions,","inLanguage":"es-ES","isPartOf":{"@id":"https:\/\/wishlistlms.com\/es\/#website"},"breadcrumb":{"@id":"https:\/\/wishlistlms.com\/es\/support\/#breadcrumblist"},"datePublished":"2025-05-31T11:30:53-06:00","dateModified":"2026-04-07T16:13:05-06:00"},{"@type":"WebSite","@id":"https:\/\/wishlistlms.com\/es\/#website","url":"https:\/\/wishlistlms.com\/es\/","name":"WishList LMS","inLanguage":"es-ES","publisher":{"@id":"https:\/\/wishlistlms.com\/es\/#organization"}}]},"og:locale":"es_ES","og:site_name":"WishList LMS -","og:type":"article","og:title":"Support - WishList LMS","og:description":"Knowledge Base Explore our full library of Support Docs to help you make the most of WishList LMS. You\u2019ll find step-by-step guides, helpful tips, and tutorial videos covering every feature\u2014from course setup to advanced LMS tools. View Support Docs New to WishList LMS? Explore our documentation and feature pages. If you still have some questions,","og:url":"https:\/\/wishlistlms.com\/es\/support\/","article:published_time":"2025-05-31T17:30:53+00:00","article:modified_time":"2026-04-07T22:13:05+00:00","twitter:card":"summary_large_image","twitter:title":"Support - WishList LMS","twitter:description":"Knowledge Base Explore our full library of Support Docs to help you make the most of WishList LMS. You\u2019ll find step-by-step guides, helpful tips, and tutorial videos covering every feature\u2014from course setup to advanced LMS tools. View Support Docs New to WishList LMS? Explore our documentation and feature pages. If you still have some questions,"},"aioseo_meta_data":{"post_id":"300","title":null,"description":null,"keywords":null,"keyphrases":{"focus":{"keyphrase":"","score":0,"analysis":{"keyphraseInTitle":{"score":0,"maxScore":9,"error":1}}},"additional":[]},"primary_term":null,"canonical_url":null,"og_title":null,"og_description":null,"og_object_type":"default","og_image_type":"default","og_image_url":null,"og_image_width":null,"og_image_height":null,"og_image_custom_url":null,"og_image_custom_fields":null,"og_video":"","og_custom_url":null,"og_article_section":null,"og_article_tags":null,"twitter_use_og":false,"twitter_card":"default","twitter_image_type":"default","twitter_image_url":null,"twitter_image_custom_url":null,"twitter_image_custom_fields":null,"twitter_title":null,"twitter_description":null,"schema":{"blockGraphs":[],"customGraphs":[],"default":{"data":{"Article":[],"Course":[],"Dataset":[],"FAQPage":[],"Movie":[],"Person":[],"Product":[],"ProductReview":[],"Car":[],"Recipe":[],"Service":[],"SoftwareApplication":[],"WebPage":[]},"graphName":"WebPage","isEnabled":true},"graphs":[]},"schema_type":"default","schema_type_options":null,"pillar_content":false,"robots_default":true,"robots_noindex":false,"robots_noarchive":false,"robots_nosnippet":false,"robots_nofollow":false,"robots_noimageindex":false,"robots_noodp":false,"robots_notranslate":false,"robots_max_snippet":"-1","robots_max_videopreview":"-1","robots_max_imagepreview":"large","priority":null,"frequency":"default","local_seo":null,"seo_analyzer_scan_date":"2026-04-07 23:01:32","breadcrumb_settings":null,"limit_modified_date":false,"open_ai":null,"ai":{"faqs":[],"keyPoints":[],"titles":[],"descriptions":[],"socialPosts":{"email":[],"linkedin":[],"twitter":[],"facebook":[],"instagram":[]}},"created":"2025-06-13 13:44:07","updated":"2026-04-08 00:43:13"},"aioseo_breadcrumb":"<div class=\"aioseo-breadcrumbs\"><span class=\"aioseo-breadcrumb\">\n\t<a href=\"https:\/\/wishlistlms.com\/es\" title=\"Home\">Home<\/a>\n<\/span><span class=\"aioseo-breadcrumb-separator\">&raquo;<\/span><span class=\"aioseo-breadcrumb\">\n\tSupport\n<\/span><\/div>","aioseo_breadcrumb_json":[{"label":"Home","link":"https:\/\/wishlistlms.com\/es"},{"label":"Support","link":"https:\/\/wishlistlms.com\/es\/support\/"}],"_links":{"self":[{"href":"https:\/\/wishlistlms.com\/es\/wp-json\/wp\/v2\/pages\/300","targetHints":{"allow":["GET"]}}],"collection":[{"href":"https:\/\/wishlistlms.com\/es\/wp-json\/wp\/v2\/pages"}],"about":[{"href":"https:\/\/wishlistlms.com\/es\/wp-json\/wp\/v2\/types\/page"}],"author":[{"embeddable":true,"href":"https:\/\/wishlistlms.com\/es\/wp-json\/wp\/v2\/users\/3"}],"replies":[{"embeddable":true,"href":"https:\/\/wishlistlms.com\/es\/wp-json\/wp\/v2\/comments?post=300"}],"version-history":[{"count":13,"href":"https:\/\/wishlistlms.com\/es\/wp-json\/wp\/v2\/pages\/300\/revisions"}],"predecessor-version":[{"id":3111,"href":"https:\/\/wishlistlms.com\/es\/wp-json\/wp\/v2\/pages\/300\/revisions\/3111"}],"wp:attachment":[{"href":"https:\/\/wishlistlms.com\/es\/wp-json\/wp\/v2\/media?parent=300"}],"curies":[{"name":"wp","href":"https:\/\/api.w.org\/{rel}","templated":true}]}}