{"id":3,"date":"2025-01-23T17:37:26","date_gmt":"2025-01-23T17:37:26","guid":{"rendered":"http:\/\/wishlistlms.com\/?page_id=3"},"modified":"2026-03-11T20:08:20","modified_gmt":"2026-03-12T02:08:20","slug":"politica-de-privacidad","status":"publish","type":"page","link":"https:\/\/wishlistlms.com\/es\/privacy-policy\/","title":{"rendered":"Pol\u00edtica de privacidad"},"content":{"rendered":"<div class=\"wp-block-group alignwide is-style-default is-layout-flow wp-block-group-is-layout-flow\">\n<p>Tu privacidad es muy importante para nosotros. En WishList LMS seguimos algunos principios fundamentales:<\/p>\n\n\n\n<ul class=\"wp-block-list\">\n<li>No te pedimos informaci\u00f3n personal a menos que realmente la necesitemos. (No soportamos los servicios que te piden cosas como tu sexo o tu nivel de ingresos sin motivo aparente).<\/li>\n\n\n\n<li>No compartimos su informaci\u00f3n personal con nadie excepto para cumplir la ley, desarrollar nuestros productos o proteger nuestros derechos.<\/li>\n\n\n\n<li>No almacenamos informaci\u00f3n personal en nuestros servidores a menos que sea necesario para el funcionamiento continuo de nuestro sitio.<\/li>\n<\/ul>\n\n\n\n<p>WishList Products, LLC (\u201cWishList LMS\u201d dba WishList LMS) opera varios sitios web, incluido wishlistlms.com. Es pol\u00edtica de WishList LMS respetar su privacidad con respecto a cualquier informaci\u00f3n que podamos recopilar mientras operamos nuestros sitios web.<\/p>\n\n\n\n<p><strong>Visitantes del sitio web<\/strong><\/p>\n\n\n\n<p>Al igual que la mayor\u00eda de operadores de sitios web, WishList LMS recopila informaci\u00f3n de identificaci\u00f3n no personal del tipo que los navegadores y servidores web suelen poner a disposici\u00f3n, como el tipo de navegador, la preferencia de idioma, el sitio de referencia y la fecha y hora de cada solicitud de visitante. El objetivo de WishList LMS al recopilar informaci\u00f3n de identificaci\u00f3n no personal es comprender mejor el modo en que los visitantes de WishList LMS utilizan su sitio web. Ocasionalmente, WishList LMS puede publicar informaci\u00f3n de identificaci\u00f3n no personal de forma agregada, por ejemplo, mediante la publicaci\u00f3n de un informe sobre las tendencias de uso de su sitio web.<\/p>\n\n\n\n<p>WishList LMS tambi\u00e9n recopila informaci\u00f3n potencial de identificaci\u00f3n personal, como las direcciones IP de los usuarios registrados y de los usuarios que dejan comentarios en nuestros blogs. WishList LMS solo revela las direcciones IP de los usuarios registrados y de los comentaristas en las mismas circunstancias en las que utiliza y revela la informaci\u00f3n de identificaci\u00f3n personal descrita a continuaci\u00f3n, excepto que las direcciones IP de los comentaristas del blog son visibles y se revelan a los administradores del blog donde se dej\u00f3 el comentario.<\/p>\n\n\n\n<p><strong>Recopilaci\u00f3n de datos personales<\/strong><\/p>\n\n\n\n<p>Algunos visitantes de los sitios web de WishList LMS eligen interactuar con WishList LMS de formas que requieren que WishList LMS recopile informaci\u00f3n de identificaci\u00f3n personal. La cantidad y el tipo de informaci\u00f3n que WishList LMS recopila dependen de la naturaleza de la interacci\u00f3n. Por ejemplo, pedimos a los visitantes que comentan en nuestro blog que proporcionen un nombre de usuario y una direcci\u00f3n de correo electr\u00f3nico. En el caso de aquellos que deseen recibir actualizaciones de WishList LMS por correo electr\u00f3nico, recogemos sus direcciones de correo electr\u00f3nico. En cada caso, WishList LMS recopila dicha informaci\u00f3n \u00fanicamente en la medida en que sea necesaria o apropiada para cumplir el prop\u00f3sito de la interacci\u00f3n del visitante con WishList LMS. WishList LMS no revela informaci\u00f3n de identificaci\u00f3n personal distinta de la que se describe a continuaci\u00f3n. Y los visitantes siempre pueden negarse a suministrar informaci\u00f3n de identificaci\u00f3n personal, con la advertencia de que puede impedirles participar en determinadas actividades relacionadas con el sitio web.<\/p>\n\n\n\n<p><strong>Estad\u00edsticas agregadas<\/strong><\/p>\n\n\n\n<p>WishList LMS puede recopilar estad\u00edsticas sobre el comportamiento de los visitantes de sus sitios web. Por ejemplo, WishList LMS puede supervisar las p\u00e1ginas m\u00e1s populares del sitio wishlistlms.com o utilizar spam filtrado por el servicio Akismet para ayudar a identificar el spam. WishList LMS puede mostrar esta informaci\u00f3n p\u00fablicamente o facilitarla a terceros. Sin embargo, WishList LMS no revela informaci\u00f3n de identificaci\u00f3n personal que no sea la descrita a continuaci\u00f3n.<\/p>\n\n\n\n<p><strong>Protecci\u00f3n de determinados datos personales<\/strong><\/p>\n\n\n\n<p>WishList LMS revela informaci\u00f3n potencialmente identificable y de identificaci\u00f3n personal \u00fanicamente a aquellos de sus empleados, contratistas y organizaciones afiliadas que (i) necesiten conocer dicha informaci\u00f3n para procesarla en nombre de WishList LMS o para prestar servicios disponibles en los sitios web de WishList LMS, y (ii) que hayan acordado no revelarla a terceros. Algunos de estos empleados, contratistas y organizaciones afiliadas pueden encontrarse fuera de su pa\u00eds de origen; al utilizar los sitios web de WishList LMS, usted consiente la transferencia de dicha informaci\u00f3n a los mismos. WishList LMS no alquilar\u00e1 ni vender\u00e1 a nadie informaci\u00f3n que pueda identificarle personalmente. Aparte de a sus empleados, contratistas y organizaciones afiliadas, tal y como se ha descrito anteriormente, WishList LMS revela informaci\u00f3n potencialmente identificable y de identificaci\u00f3n personal \u00fanicamente en respuesta a una citaci\u00f3n, orden judicial u otra solicitud gubernamental, o cuando WishList LMS considere de buena fe que dicha revelaci\u00f3n es razonablemente necesaria para proteger los bienes o derechos de WishList LMS, de terceros o del p\u00fablico en general. Si usted es un usuario registrado de un sitio web de WishList LMS y ha facilitado su direcci\u00f3n de correo electr\u00f3nico, WishList LMS podr\u00e1 enviarle ocasionalmente un correo electr\u00f3nico para informarle sobre nuevas funciones, solicitar sus comentarios o simplemente mantenerle al d\u00eda de lo que ocurre con WishList LMS y nuestros productos. Utilizamos principalmente nuestros blogs de productos para comunicar este tipo de informaci\u00f3n, por lo que esperamos mantener este tipo de correo electr\u00f3nico al m\u00ednimo. Si nos env\u00eda una solicitud (por ejemplo, a trav\u00e9s de un correo electr\u00f3nico de asistencia o mediante uno de nuestros mecanismos de comentarios), nos reservamos el derecho a publicarla para ayudarnos a aclarar o responder a su solicitud o para ayudarnos a prestar asistencia a otros usuarios. WishList LMS toma todas las medidas razonablemente necesarias para protegerse contra el acceso no autorizado, el uso, la alteraci\u00f3n o la destrucci\u00f3n de informaci\u00f3n potencialmente identificable y de identificaci\u00f3n personal.<\/p>\n\n\n\n<p><strong>Cookies<\/strong><\/p>\n\n\n\n<p>Una cookie es una cadena de informaci\u00f3n que un sitio web almacena en el ordenador de un visitante y que el navegador del visitante proporciona al sitio web cada vez que el visitante regresa. WishList LMS utiliza cookies para ayudar a WishList LMS a identificar y realizar un seguimiento de los visitantes, su uso de los sitios web de WishList LMS y sus preferencias de acceso al sitio web. Los visitantes de los sitios web de WishList LMS que no deseen que se instalen cookies en sus ordenadores deben configurar sus navegadores para que rechacen las cookies antes de utilizar los sitios web de WishList LMS, con el inconveniente de que determinadas caracter\u00edsticas de los sitios web de WishList LMS pueden no funcionar correctamente sin la ayuda de las cookies.<\/p>\n\n\n\n<p><strong>Seguimiento de la utilizaci\u00f3n<\/strong><\/p>\n\n\n\n<p>WishList LMS recopila determinada informaci\u00f3n a trav\u00e9s del seguimiento del uso. El prop\u00f3sito del seguimiento de uso ayuda a WishList LMS a comprender mejor a nuestros usuarios y las necesidades de su sitio web observando una serie de variables en su plugin WishList LMS, WordPress y alojamiento web. Esta informaci\u00f3n nos permite mejorar continuamente nuestro producto, as\u00ed como nuestro proceso de preguntas y respuestas \/ pruebas. La informaci\u00f3n puede incluir la clave de licencia (y el tipo), las fechas de activaci\u00f3n del plugin, las estad\u00edsticas de membres\u00eda y transacci\u00f3n para ayudarnos a asegurarnos de que nuestras funciones y actualizaciones se prueban en situaciones que se ajustan estrechamente a los entornos del sitio de nuestros clientes y al uso de WishList LMS. Tambi\u00e9n podemos recopilar informaci\u00f3n sobre integraciones activas y configuraciones de plugins, pero las configuraciones confidenciales, como las claves API, se excluyen autom\u00e1ticamente del seguimiento.<\/p>\n\n\n\n<p>Nuestro seguimiento de uso incluye la recopilaci\u00f3n de informaci\u00f3n sobre el tema\/plugins activos de WordPress, la configuraci\u00f3n regional, la zona horaria, si el SSL est\u00e1 activado, o si un sitio es multisitio, y la URL del sitio. Adem\u00e1s, el seguimiento del uso incluye la determinaci\u00f3n de las versiones de PHP y MySQL para ayudarnos a garantizar que nuestros procedimientos de prueba tienen la cobertura adecuada para evitar problemas de compatibilidad, y determinar el software del servidor, que se utiliza para fines de prueba.<\/p>\n\n\n\n<p>Exclusi\u00f3n del seguimiento del uso<\/p>\n\n\n\n<p>Cuando instales WishList LMS, se te incluir\u00e1 por defecto en el seguimiento de uso. Para desactivarlo, solo tienes que ir a WishList LMS &gt; Configuraci\u00f3n &gt; General; en esta pantalla, tendr\u00e1s que marcar la casilla Desactivar informes de uso an\u00f3nimos.<\/p>\n\n\n\n<p><strong>Transferencia de empresas<\/strong><\/p>\n\n\n\n<p>Si WishList LMS o la pr\u00e1ctica totalidad de sus activos fueran adquiridos, o en el improbable caso de que WishList LMS quebrara o entrara en quiebra, la informaci\u00f3n del usuario ser\u00eda uno de los activos transferidos o adquiridos por un tercero. Usted reconoce que pueden producirse dichas transferencias, y que cualquier adquirente de WishList LMS puede seguir utilizando su informaci\u00f3n personal tal y como se establece en esta pol\u00edtica.<\/p>\n\n\n\n<p><strong>Anuncios<\/strong><\/p>\n\n\n\n<p>Los anuncios que aparecen en cualquiera de nuestros sitios web pueden ser enviados a los usuarios por socios publicitarios, que pueden instalar cookies. Estas cookies permiten al servidor de anuncios reconocer su ordenador cada vez que le env\u00edan un anuncio en l\u00ednea para recopilar informaci\u00f3n sobre usted u otras personas que utilizan su ordenador. Esta informaci\u00f3n permite a las redes publicitarias, entre otras cosas, ofrecer anuncios espec\u00edficos que creen que ser\u00e1n de mayor inter\u00e9s para usted. Esta Pol\u00edtica de privacidad cubre el uso de cookies por parte de WishList LMS y no cubre el uso de cookies por parte de ning\u00fan anunciante.<\/p>\n\n\n\n<p><strong>Comentarios<\/strong><\/p>\n\n\n\n<p>Los comentarios y otros contenidos enviados al servicio anti-spam Akismet se guardan en nuestros servidores a menos que hayan sido marcados como falsos positivos, en cuyo caso los almacenamos el tiempo suficiente para utilizarlos en la mejora del servicio y evitar futuros falsos positivos.<\/p>\n\n\n\n<p><strong>Cambios en la pol\u00edtica de privacidad<\/strong><\/p>\n\n\n\n<p>Aunque es probable que la mayor\u00eda de los cambios sean menores, WishList LMS puede modificar su Pol\u00edtica de privacidad de vez en cuando, y a la entera discreci\u00f3n de WishList LMS. WishList LMS anima a los visitantes a consultar con frecuencia esta p\u00e1gina para comprobar si se han producido cambios en su Pol\u00edtica de privacidad. El uso continuado de este sitio despu\u00e9s de cualquier cambio en esta Pol\u00edtica de Privacidad constituir\u00e1 su aceptaci\u00f3n de dicho cambio.<\/p>\n<\/div>\n\n\n\n<p><\/p>","protected":false},"excerpt":{"rendered":"<p>Your privacy is very important to us. At WishList LMS we have a few fundamental principles that we follow: WishList Products, LLC (\u201cWishList LMS\u201d dba WishList LMS) operates several websites including wishlistlms.com. It is WishList LMS\u2019s policy to respect your privacy regarding any information we may collect while operating our websites. Website Visitors Like most&hellip;<\/p>","protected":false},"author":3,"featured_media":0,"parent":0,"menu_order":0,"comment_status":"closed","ping_status":"closed","template":"single_framed","meta":{"om_disable_all_campaigns":false,"_monsterinsights_skip_tracking":false,"_monsterinsights_sitenote_active":false,"_monsterinsights_sitenote_note":"","_monsterinsights_sitenote_category":0,"footnotes":"","maurice_hero_tagline":"","maurice_hero_title":"","maurice_hero_subtitle":"","maurice_hero_cta_link":"","maurice_hero_cta_text":""},"class_list":["post-3","page","type-page","status-publish","hentry"],"aioseo_notices":[],"aioseo_head":"\n\t\t<!-- All in One SEO Pro 4.9.5.2 - aioseo.com -->\n\t<meta name=\"description\" content=\"Your privacy is very important to us. At WishList LMS we have a few fundamental principles that we follow: We don\u2019t ask you for personal information unless we truly need it. (We can\u2019t stand services that ask you for things like your gender or income level for no apparent reason.) We don\u2019t share your personal\" \/>\n\t<meta name=\"robots\" content=\"max-image-preview:large\" \/>\n\t<link rel=\"canonical\" href=\"https:\/\/wishlistlms.com\/es\/privacy-policy\/\" \/>\n\t<meta name=\"generator\" content=\"All in One SEO Pro (AIOSEO) 4.9.5.2\" \/>\n\t\t<meta property=\"og:locale\" content=\"es_ES\" \/>\n\t\t<meta property=\"og:site_name\" content=\"WishList LMS -\" \/>\n\t\t<meta property=\"og:type\" content=\"article\" \/>\n\t\t<meta property=\"og:title\" content=\"Privacy Policy - WishList LMS\" \/>\n\t\t<meta property=\"og:description\" content=\"Your privacy is very important to us. At WishList LMS we have a few fundamental principles that we follow: We don\u2019t ask you for personal information unless we truly need it. (We can\u2019t stand services that ask you for things like your gender or income level for no apparent reason.) We don\u2019t share your personal\" \/>\n\t\t<meta property=\"og:url\" content=\"https:\/\/wishlistlms.com\/es\/privacy-policy\/\" \/>\n\t\t<meta property=\"article:published_time\" content=\"2025-01-23T17:37:26+00:00\" \/>\n\t\t<meta property=\"article:modified_time\" content=\"2026-03-12T02:08:20+00:00\" \/>\n\t\t<meta name=\"twitter:card\" content=\"summary_large_image\" \/>\n\t\t<meta name=\"twitter:title\" content=\"Privacy Policy - WishList LMS\" \/>\n\t\t<meta name=\"twitter:description\" content=\"Your privacy is very important to us. At WishList LMS we have a few fundamental principles that we follow: We don\u2019t ask you for personal information unless we truly need it. (We can\u2019t stand services that ask you for things like your gender or income level for no apparent reason.) We don\u2019t share your personal\" \/>\n\t\t<script type=\"application\/ld+json\" class=\"aioseo-schema\">\n\t\t\t{\"@context\":\"https:\\\/\\\/schema.org\",\"@graph\":[{\"@type\":\"BreadcrumbList\",\"@id\":\"https:\\\/\\\/wishlistlms.com\\\/es\\\/privacy-policy\\\/#breadcrumblist\",\"itemListElement\":[{\"@type\":\"ListItem\",\"@id\":\"https:\\\/\\\/wishlistlms.com\\\/es#listItem\",\"position\":1,\"name\":\"Home\",\"item\":\"https:\\\/\\\/wishlistlms.com\\\/es\",\"nextItem\":{\"@type\":\"ListItem\",\"@id\":\"https:\\\/\\\/wishlistlms.com\\\/es\\\/privacy-policy\\\/#listItem\",\"name\":\"Privacy Policy\"}},{\"@type\":\"ListItem\",\"@id\":\"https:\\\/\\\/wishlistlms.com\\\/es\\\/privacy-policy\\\/#listItem\",\"position\":2,\"name\":\"Privacy Policy\",\"previousItem\":{\"@type\":\"ListItem\",\"@id\":\"https:\\\/\\\/wishlistlms.com\\\/es#listItem\",\"name\":\"Home\"}}]},{\"@type\":\"Organization\",\"@id\":\"https:\\\/\\\/wishlistlms.com\\\/es\\\/#organization\",\"name\":\"WishList LMS\",\"url\":\"https:\\\/\\\/wishlistlms.com\\\/es\\\/\"},{\"@type\":\"WebPage\",\"@id\":\"https:\\\/\\\/wishlistlms.com\\\/es\\\/privacy-policy\\\/#webpage\",\"url\":\"https:\\\/\\\/wishlistlms.com\\\/es\\\/privacy-policy\\\/\",\"name\":\"Privacy Policy - WishList LMS\",\"description\":\"Your privacy is very important to us. At WishList LMS we have a few fundamental principles that we follow: We don\\u2019t ask you for personal information unless we truly need it. (We can\\u2019t stand services that ask you for things like your gender or income level for no apparent reason.) We don\\u2019t share your personal\",\"inLanguage\":\"es-ES\",\"isPartOf\":{\"@id\":\"https:\\\/\\\/wishlistlms.com\\\/es\\\/#website\"},\"breadcrumb\":{\"@id\":\"https:\\\/\\\/wishlistlms.com\\\/es\\\/privacy-policy\\\/#breadcrumblist\"},\"datePublished\":\"2025-01-23T17:37:26-07:00\",\"dateModified\":\"2026-03-11T20:08:20-06:00\"},{\"@type\":\"WebSite\",\"@id\":\"https:\\\/\\\/wishlistlms.com\\\/es\\\/#website\",\"url\":\"https:\\\/\\\/wishlistlms.com\\\/es\\\/\",\"name\":\"WishList LMS\",\"inLanguage\":\"es-ES\",\"publisher\":{\"@id\":\"https:\\\/\\\/wishlistlms.com\\\/es\\\/#organization\"}}]}\n\t\t<\/script>\n\t\t<!-- All in One SEO Pro -->\r\n\t\t<title>Privacy Policy - WishList LMS<\/title>\n\n","aioseo_head_json":{"title":"Pol\u00edtica de privacidad - WishList LMS","description":"Tu privacidad es muy importante para nosotros. En WishList LMS seguimos algunos principios fundamentales: No te pedimos informaci\u00f3n personal a menos que realmente la necesitemos. (No soportamos los servicios que te piden cosas como tu sexo o tu nivel de ingresos sin motivo aparente). No compartimos sus datos personales","canonical_url":"https:\/\/wishlistlms.com\/es\/privacy-policy\/","robots":"max-image-preview:large","keywords":"","webmasterTools":{"miscellaneous":""},"schema":{"@context":"https:\/\/schema.org","@graph":[{"@type":"BreadcrumbList","@id":"https:\/\/wishlistlms.com\/es\/privacy-policy\/#breadcrumblist","itemListElement":[{"@type":"ListItem","@id":"https:\/\/wishlistlms.com\/es#listItem","position":1,"name":"Home","item":"https:\/\/wishlistlms.com\/es","nextItem":{"@type":"ListItem","@id":"https:\/\/wishlistlms.com\/es\/privacy-policy\/#listItem","name":"Privacy Policy"}},{"@type":"ListItem","@id":"https:\/\/wishlistlms.com\/es\/privacy-policy\/#listItem","position":2,"name":"Privacy Policy","previousItem":{"@type":"ListItem","@id":"https:\/\/wishlistlms.com\/es#listItem","name":"Home"}}]},{"@type":"Organization","@id":"https:\/\/wishlistlms.com\/es\/#organization","name":"WishList LMS","url":"https:\/\/wishlistlms.com\/es\/"},{"@type":"WebPage","@id":"https:\/\/wishlistlms.com\/es\/privacy-policy\/#webpage","url":"https:\/\/wishlistlms.com\/es\/privacy-policy\/","name":"Privacy Policy - WishList LMS","description":"Your privacy is very important to us. At WishList LMS we have a few fundamental principles that we follow: We don\u2019t ask you for personal information unless we truly need it. (We can\u2019t stand services that ask you for things like your gender or income level for no apparent reason.) We don\u2019t share your personal","inLanguage":"es-ES","isPartOf":{"@id":"https:\/\/wishlistlms.com\/es\/#website"},"breadcrumb":{"@id":"https:\/\/wishlistlms.com\/es\/privacy-policy\/#breadcrumblist"},"datePublished":"2025-01-23T17:37:26-07:00","dateModified":"2026-03-11T20:08:20-06:00"},{"@type":"WebSite","@id":"https:\/\/wishlistlms.com\/es\/#website","url":"https:\/\/wishlistlms.com\/es\/","name":"WishList LMS","inLanguage":"es-ES","publisher":{"@id":"https:\/\/wishlistlms.com\/es\/#organization"}}]},"og:locale":"es_ES","og:site_name":"WishList LMS -","og:type":"article","og:title":"Privacy Policy - WishList LMS","og:description":"Your privacy is very important to us. At WishList LMS we have a few fundamental principles that we follow: We don\u2019t ask you for personal information unless we truly need it. (We can\u2019t stand services that ask you for things like your gender or income level for no apparent reason.) We don\u2019t share your personal","og:url":"https:\/\/wishlistlms.com\/es\/privacy-policy\/","article:published_time":"2025-01-23T17:37:26+00:00","article:modified_time":"2026-03-12T02:08:20+00:00","twitter:card":"summary_large_image","twitter:title":"Privacy Policy - WishList LMS","twitter:description":"Your privacy is very important to us. At WishList LMS we have a few fundamental principles that we follow: We don\u2019t ask you for personal information unless we truly need it. (We can\u2019t stand services that ask you for things like your gender or income level for no apparent reason.) We don\u2019t share your personal"},"aioseo_meta_data":{"post_id":"3","title":null,"description":null,"keywords":null,"keyphrases":{"focus":{"keyphrase":"","score":0,"analysis":{"keyphraseInTitle":{"score":0,"maxScore":9,"error":1}}},"additional":[]},"primary_term":null,"canonical_url":null,"og_title":null,"og_description":null,"og_object_type":"default","og_image_type":"default","og_image_url":null,"og_image_width":null,"og_image_height":null,"og_image_custom_url":null,"og_image_custom_fields":null,"og_video":"","og_custom_url":null,"og_article_section":null,"og_article_tags":null,"twitter_use_og":false,"twitter_card":"default","twitter_image_type":"default","twitter_image_url":null,"twitter_image_custom_url":null,"twitter_image_custom_fields":null,"twitter_title":null,"twitter_description":null,"schema":{"blockGraphs":[],"customGraphs":[],"default":{"data":{"Article":[],"Course":[],"Dataset":[],"FAQPage":[],"Movie":[],"Person":[],"Product":[],"ProductReview":[],"Car":[],"Recipe":[],"Service":[],"SoftwareApplication":[],"WebPage":[]},"graphName":"WebPage","isEnabled":true},"graphs":[]},"schema_type":"default","schema_type_options":null,"pillar_content":false,"robots_default":true,"robots_noindex":false,"robots_noarchive":false,"robots_nosnippet":false,"robots_nofollow":false,"robots_noimageindex":false,"robots_noodp":false,"robots_notranslate":false,"robots_max_snippet":"-1","robots_max_videopreview":"-1","robots_max_imagepreview":"large","priority":null,"frequency":"default","local_seo":null,"seo_analyzer_scan_date":"2026-03-12 02:17:44","breadcrumb_settings":null,"limit_modified_date":false,"open_ai":null,"ai":{"faqs":[],"keyPoints":[],"titles":[],"descriptions":[],"socialPosts":{"email":[],"linkedin":[],"twitter":[],"facebook":[],"instagram":[]}},"created":"2025-06-13 13:44:07","updated":"2026-03-12 02:17:44"},"aioseo_breadcrumb":"<div class=\"aioseo-breadcrumbs\"><span class=\"aioseo-breadcrumb\">\n\t<a href=\"https:\/\/wishlistlms.com\/es\" title=\"Home\">Home<\/a>\n<\/span><span class=\"aioseo-breadcrumb-separator\">&raquo;<\/span><span class=\"aioseo-breadcrumb\">\n\tPrivacy Policy\n<\/span><\/div>","aioseo_breadcrumb_json":[{"label":"Home","link":"https:\/\/wishlistlms.com\/es"},{"label":"Privacy Policy","link":"https:\/\/wishlistlms.com\/es\/privacy-policy\/"}],"_links":{"self":[{"href":"https:\/\/wishlistlms.com\/es\/wp-json\/wp\/v2\/pages\/3","targetHints":{"allow":["GET"]}}],"collection":[{"href":"https:\/\/wishlistlms.com\/es\/wp-json\/wp\/v2\/pages"}],"about":[{"href":"https:\/\/wishlistlms.com\/es\/wp-json\/wp\/v2\/types\/page"}],"author":[{"embeddable":true,"href":"https:\/\/wishlistlms.com\/es\/wp-json\/wp\/v2\/users\/3"}],"replies":[{"embeddable":true,"href":"https:\/\/wishlistlms.com\/es\/wp-json\/wp\/v2\/comments?post=3"}],"version-history":[{"count":18,"href":"https:\/\/wishlistlms.com\/es\/wp-json\/wp\/v2\/pages\/3\/revisions"}],"predecessor-version":[{"id":2314,"href":"https:\/\/wishlistlms.com\/es\/wp-json\/wp\/v2\/pages\/3\/revisions\/2314"}],"wp:attachment":[{"href":"https:\/\/wishlistlms.com\/es\/wp-json\/wp\/v2\/media?parent=3"}],"curies":[{"name":"wp","href":"https:\/\/api.w.org\/{rel}","templated":true}]}}