{"id":3,"date":"2025-01-23T17:37:26","date_gmt":"2025-01-23T17:37:26","guid":{"rendered":"http:\/\/wishlistlms.com\/?page_id=3"},"modified":"2026-03-11T20:08:20","modified_gmt":"2026-03-12T02:08:20","slug":"datenschutzbestimmungen","status":"publish","type":"page","link":"https:\/\/wishlistlms.com\/de\/privacy-policy\/","title":{"rendered":"Datenschutzbestimmungen"},"content":{"rendered":"<div class=\"wp-block-group alignwide is-style-default is-layout-flow wp-block-group-is-layout-flow\">\n<p>Ihre Privatsph\u00e4re ist uns sehr wichtig. Bei WishList LMS haben wir ein paar grundlegende Prinzipien, die wir befolgen:<\/p>\n\n\n\n<ul class=\"wp-block-list\">\n<li>Wir fragen Sie nur dann nach pers\u00f6nlichen Informationen, wenn wir sie wirklich brauchen. (Wir k\u00f6nnen Dienste nicht ausstehen, die Sie ohne ersichtlichen Grund nach Dingen wie Ihrem Geschlecht oder Einkommensniveau fragen).<\/li>\n\n\n\n<li>Wir geben Ihre pers\u00f6nlichen Daten an niemanden weiter, es sei denn, wir m\u00fcssen die gesetzlichen Bestimmungen einhalten, unsere Produkte entwickeln oder unsere Rechte sch\u00fctzen.<\/li>\n\n\n\n<li>Wir speichern keine pers\u00f6nlichen Daten auf unseren Servern, es sei denn, dies ist f\u00fcr den laufenden Betrieb unserer Website erforderlich.<\/li>\n<\/ul>\n\n\n\n<p>WishList Products, LLC (\u201cWishList LMS\u201d dba WishList LMS) betreibt mehrere Websites einschlie\u00dflich wishlistlms.com. Es ist die Politik von WishList LMS, Ihre Privatsph\u00e4re in Bezug auf alle Informationen, die wir w\u00e4hrend des Betriebs unserer Websites sammeln, zu respektieren.<\/p>\n\n\n\n<p><strong>Besucher der Website<\/strong><\/p>\n\n\n\n<p>Wie die meisten Website-Betreiber sammelt WishList LMS nicht-personenbezogene Daten, wie sie typischerweise von Webbrowsern und Servern zur Verf\u00fcgung gestellt werden, wie z.B. den Browsertyp, die bevorzugte Sprache, die verweisende Website und das Datum und die Uhrzeit jeder Besucheranfrage. WishList LMS sammelt nicht-personenbezogene Daten, um besser zu verstehen, wie die Besucher von WishList LMS die Website nutzen. Von Zeit zu Zeit kann WishList LMS nicht-personenidentifizierende Informationen in aggregierter Form ver\u00f6ffentlichen, z.B. durch die Ver\u00f6ffentlichung eines Berichts \u00fcber Trends in der Nutzung seiner Website.<\/p>\n\n\n\n<p>WishList LMS sammelt auch potenziell pers\u00f6nlich identifizierende Informationen wie Internet Protocol (IP)-Adressen f\u00fcr angemeldete Benutzer und f\u00fcr Benutzer, die Kommentare in unseren Blogs hinterlassen. WishList LMS gibt die IP-Adressen der angemeldeten Benutzer und Kommentatoren nur unter denselben Umst\u00e4nden bekannt, unter denen es pers\u00f6nlich identifizierende Informationen wie unten beschrieben verwendet und offenlegt, mit der Ausnahme, dass die IP-Adressen der Blog-Kommentatoren sichtbar sind und den Administratoren des Blogs, in dem der Kommentar hinterlassen wurde, bekannt gegeben werden.<\/p>\n\n\n\n<p><strong>Erhebung personenbezogener Daten<\/strong><\/p>\n\n\n\n<p>Bestimmte Besucher der WishList LMS Webseiten interagieren mit WishList LMS auf eine Weise, die es erforderlich macht, dass WishList LMS pers\u00f6nlich identifizierende Informationen sammelt. Die Menge und Art der Informationen, die WishList LMS sammelt, h\u00e4ngt von der Art der Interaktion ab. Zum Beispiel bitten wir Besucher, die in unserem Blog kommentieren, einen Benutzernamen und eine E-Mail-Adresse anzugeben. Diejenigen, die WishList LMS Updates per E-Mail erhalten m\u00f6chten, sammeln wir ihre E-Mails. In jedem Fall sammelt WishList LMS solche Informationen nur insoweit, wie es notwendig oder angemessen ist, um den Zweck der Interaktion des Besuchers mit WishList LMS zu erf\u00fcllen. WishList LMS gibt keine pers\u00f6nlich identifizierenden Informationen weiter, au\u00dfer wie unten beschrieben. Und Besucher k\u00f6nnen sich jederzeit weigern, pers\u00f6nlich identifizierende Informationen zur Verf\u00fcgung zu stellen, mit dem Vorbehalt, dass dies sie daran hindern kann, an bestimmten Website-bezogenen Aktivit\u00e4ten teilzunehmen.<\/p>\n\n\n\n<p><strong>Aggregierte Statistiken<\/strong><\/p>\n\n\n\n<p>WishList LMS kann Statistiken \u00fcber das Verhalten der Besucher seiner Webseiten sammeln. Zum Beispiel kann WishList LMS die beliebtesten Seiten auf der wishlistlms.com Website \u00fcberwachen oder den Akismet-Dienst zur Spam-Erkennung nutzen. WishList LMS kann diese Informationen \u00f6ffentlich anzeigen oder sie anderen zur Verf\u00fcgung stellen. WishList LMS gibt jedoch keine pers\u00f6nlich identifizierenden Informationen weiter, au\u00dfer wie unten beschrieben.<\/p>\n\n\n\n<p><strong>Schutz bestimmter personenbezogener Daten<\/strong><\/p>\n\n\n\n<p>WishList LMS gibt potenziell pers\u00f6nlich identifizierende und pers\u00f6nlich identifizierende Informationen nur an diejenigen seiner Mitarbeiter, Auftragnehmer und angeschlossenen Organisationen weiter, die (i) diese Informationen kennen m\u00fcssen, um sie im Auftrag von WishList LMS zu verarbeiten oder um die auf den Websites von WishList LMS verf\u00fcgbaren Dienste bereitzustellen, und die (ii) zugestimmt haben, sie nicht an andere weiterzugeben. Einige dieser Mitarbeiter, Auftragnehmer und angegliederte Organisationen k\u00f6nnen sich au\u00dferhalb Ihres Heimatlandes befinden; durch die Nutzung der WishList LMS Webseiten stimmen Sie der \u00dcbertragung solcher Informationen an diese zu. WishList LMS wird keine potenziell pers\u00f6nlich identifizierenden Informationen an Dritte vermieten oder verkaufen. Abgesehen von seinen Mitarbeitern, Auftragnehmern und angeschlossenen Organisationen, wie oben beschrieben, gibt WishList LMS potenziell pers\u00f6nlich identifizierende und pers\u00f6nlich identifizierende Informationen nur als Reaktion auf eine Vorladung, einen Gerichtsbeschluss oder eine andere beh\u00f6rdliche Anfrage weiter, oder wenn WishList LMS in gutem Glauben davon ausgeht, dass die Offenlegung vern\u00fcnftigerweise notwendig ist, um das Eigentum oder die Rechte von WishList LMS, Dritten oder der \u00d6ffentlichkeit insgesamt zu sch\u00fctzen. Wenn Sie ein registrierter Benutzer einer WishList LMS Website sind und Ihre E-Mail-Adresse angegeben haben, kann WishList LMS Ihnen gelegentlich eine E-Mail senden, um Sie \u00fcber neue Funktionen zu informieren, Ihr Feedback einzuholen oder Sie einfach nur auf dem Laufenden zu halten, was mit WishList LMS und unseren Produkten passiert. Wir verwenden haupts\u00e4chlich unsere verschiedenen Produkt-Blogs, um diese Art von Informationen zu kommunizieren, so dass wir erwarten, diese Art von E-Mail auf ein Minimum zu beschr\u00e4nken. Wenn Sie uns eine Anfrage senden (z.B. \u00fcber eine Support-E-Mail oder \u00fcber einen unserer Feedback-Mechanismen), behalten wir uns das Recht vor, diese zu ver\u00f6ffentlichen, um uns zu helfen, Ihre Anfrage zu kl\u00e4ren oder zu beantworten oder um uns zu helfen, andere Benutzer zu unterst\u00fctzen. WishList LMS ergreift alle angemessenen Ma\u00dfnahmen, um sich gegen den unbefugten Zugriff, die Verwendung, die Ver\u00e4nderung oder die Zerst\u00f6rung von potenziell pers\u00f6nlich identifizierenden und personenbezogenen Daten zu sch\u00fctzen.<\/p>\n\n\n\n<p><strong>Cookies<\/strong><\/p>\n\n\n\n<p>Ein Cookie ist eine Zeichenfolge von Informationen, die eine Website auf dem Computer eines Besuchers speichert und die der Browser des Besuchers der Website jedes Mal zur Verf\u00fcgung stellt, wenn der Besucher zur\u00fcckkehrt. WishList LMS verwendet Cookies, um WishList LMS dabei zu helfen, Besucher zu identifizieren und zu verfolgen, ihre Nutzung der WishList LMS Websites und ihre Website-Zugangspr\u00e4ferenzen. Besucher der WishList LMS Webseiten, die nicht w\u00fcnschen, dass Cookies auf ihren Computern platziert werden, sollten ihren Browser so einstellen, dass er Cookies ablehnt, bevor sie die WishList LMS Webseiten nutzen. Dies hat den Nachteil, dass bestimmte Funktionen der WishList LMS Webseiten ohne die Hilfe von Cookies nicht richtig funktionieren k\u00f6nnen.<\/p>\n\n\n\n<p><strong>Verfolgung der Nutzung<\/strong><\/p>\n\n\n\n<p>WishList LMS sammelt bestimmte Informationen durch die Verfolgung der Nutzung. Der Zweck der Nutzungsverfolgung hilft WishList LMS, unsere Nutzer und ihre Website-Bed\u00fcrfnisse besser zu verstehen, indem wir eine Reihe von Variablen in ihrem WishList LMS Plugin, WordPress und Webhosting betrachten. Diese Informationen erm\u00f6glichen es uns, unser Produkt sowie unseren Q&amp;A \/ Testprozess kontinuierlich zu verbessern. Die Informationen k\u00f6nnen den Lizenzschl\u00fcssel (und Typ), Plugin-Aktivierungsdaten, Mitgliedschafts- und Transaktionsstatistiken beinhalten, um sicherzustellen, dass unsere Funktionen und Updates in Situationen getestet werden, die den Umgebungen unserer Kunden und der WishList LMS Nutzung entsprechen. Wir k\u00f6nnen auch Informationen \u00fcber aktive Integrationen und Plugin-Einstellungen sammeln, aber sensible Einstellungen wie API-Schl\u00fcssel werden automatisch vom Tracking ausgeschlossen.<\/p>\n\n\n\n<p>Unsere Nutzungsverfolgung umfasst das Sammeln von Informationen \u00fcber das aktive WordPress-Theme\/Plugins, das Gebietsschema, die Zeitzone, ob SSL aktiviert ist oder ob es sich bei einer Website um eine Multisite handelt, sowie die URL der Website. Dar\u00fcber hinaus umfasst die Verfolgung der Nutzung die Ermittlung der PHP- und MySQL-Versionen, um sicherzustellen, dass unsere Testverfahren die Kompatibilit\u00e4tsprobleme angemessen abdecken, und die Ermittlung der Serversoftware, die zu Testzwecken verwendet wird.<\/p>\n\n\n\n<p>Abmeldung von der Nutzungsverfolgung<\/p>\n\n\n\n<p>Wenn Sie WishList LMS installieren, dann werden Sie standardm\u00e4\u00dfig in die Nutzungsverfolgung aufgenommen. Um dies zu deaktivieren, gehen Sie einfach zu WishList LMS &gt; Einstellungen &gt; Allgemein; auf diesem Bildschirm m\u00fcssen Sie das Kontrollk\u00e4stchen Anonyme Nutzungsberichte deaktivieren aktivieren.<\/p>\n\n\n\n<p><strong>Unternehmens\u00fcbertragungen<\/strong><\/p>\n\n\n\n<p>Wenn WishList LMS, oder im Wesentlichen alle seine Verm\u00f6genswerte erworben werden, oder in dem unwahrscheinlichen Fall, dass WishList LMS geht aus dem Gesch\u00e4ft oder in Konkurs, Benutzerinformationen w\u00e4re einer der Verm\u00f6genswerte, die \u00fcbertragen oder von einem Dritten erworben werden. Sie erkennen an, dass solche \u00dcbertragungen stattfinden k\u00f6nnen und dass jeder Erwerber von WishList LMS Ihre pers\u00f6nlichen Daten weiterhin wie in dieser Richtlinie dargelegt verwenden kann.<\/p>\n\n\n\n<p><strong>Anzeigen<\/strong><\/p>\n\n\n\n<p>Anzeigen, die auf einer unserer Websites erscheinen, k\u00f6nnen den Nutzern von Werbepartnern geliefert werden, die m\u00f6glicherweise Cookies setzen. Diese Cookies erm\u00f6glichen es dem Anzeigenserver, Ihren Computer jedes Mal zu erkennen, wenn er Ihnen eine Online-Werbung sendet, um Informationen \u00fcber Sie oder andere Personen, die Ihren Computer benutzen, zu sammeln. Diese Informationen erm\u00f6glichen es den Werbenetzwerken unter anderem, gezielte Werbung zu schalten, von der sie glauben, dass sie f\u00fcr Sie von gr\u00f6\u00dftem Interesse sein wird. Diese Datenschutzrichtlinie bezieht sich auf die Verwendung von Cookies durch WishList LMS und nicht auf die Verwendung von Cookies durch andere Werbetreibende.<\/p>\n\n\n\n<p><strong>Kommentare<\/strong><\/p>\n\n\n\n<p>Kommentare und andere Inhalte, die an den Anti-Spam-Dienst von Akismet \u00fcbermittelt werden, werden auf unseren Servern gespeichert, es sei denn, sie wurden als falsch-positiv markiert; in diesem Fall speichern wir sie lange genug, um sie zur Verbesserung des Dienstes zu verwenden, um zuk\u00fcnftige falsch-positive Meldungen zu vermeiden.<\/p>\n\n\n\n<p><strong>\u00c4nderungen der Datenschutzrichtlinie<\/strong><\/p>\n\n\n\n<p>Obwohl die meisten \u00c4nderungen wahrscheinlich geringf\u00fcgig sind, kann WishList LMS seine Datenschutzrichtlinie von Zeit zu Zeit und nach eigenem Ermessen \u00e4ndern. WishList LMS ermutigt seine Besucher, diese Seite regelm\u00e4\u00dfig auf \u00c4nderungen der Datenschutzrichtlinien zu \u00fcberpr\u00fcfen. Ihre fortgesetzte Nutzung dieser Seite nach einer \u00c4nderung der Datenschutzrichtlinie bedeutet, dass Sie diese \u00c4nderung akzeptieren.<\/p>\n<\/div>\n\n\n\n<p><\/p>","protected":false},"excerpt":{"rendered":"<p>Your privacy is very important to us. At WishList LMS we have a few fundamental principles that we follow: WishList Products, LLC (\u201cWishList LMS\u201d dba WishList LMS) operates several websites including wishlistlms.com. It is WishList LMS\u2019s policy to respect your privacy regarding any information we may collect while operating our websites. Website Visitors Like most&hellip;<\/p>","protected":false},"author":3,"featured_media":0,"parent":0,"menu_order":0,"comment_status":"closed","ping_status":"closed","template":"single_framed","meta":{"om_disable_all_campaigns":false,"_monsterinsights_skip_tracking":false,"_monsterinsights_sitenote_active":false,"_monsterinsights_sitenote_note":"","_monsterinsights_sitenote_category":0,"footnotes":"","maurice_hero_tagline":"","maurice_hero_title":"","maurice_hero_subtitle":"","maurice_hero_cta_link":"","maurice_hero_cta_text":""},"class_list":["post-3","page","type-page","status-publish","hentry"],"aioseo_notices":[],"aioseo_head":"\n\t\t<!-- All in One SEO Pro 4.9.5.2 - aioseo.com -->\n\t<meta name=\"description\" content=\"Your privacy is very important to us. At WishList LMS we have a few fundamental principles that we follow: We don\u2019t ask you for personal information unless we truly need it. (We can\u2019t stand services that ask you for things like your gender or income level for no apparent reason.) We don\u2019t share your personal\" \/>\n\t<meta name=\"robots\" content=\"max-image-preview:large\" \/>\n\t<link rel=\"canonical\" href=\"https:\/\/wishlistlms.com\/de\/privacy-policy\/\" \/>\n\t<meta name=\"generator\" content=\"All in One SEO Pro (AIOSEO) 4.9.5.2\" \/>\n\t\t<meta property=\"og:locale\" content=\"de_DE\" \/>\n\t\t<meta property=\"og:site_name\" content=\"WishList LMS -\" \/>\n\t\t<meta property=\"og:type\" content=\"article\" \/>\n\t\t<meta property=\"og:title\" content=\"Privacy Policy - WishList LMS\" \/>\n\t\t<meta property=\"og:description\" content=\"Your privacy is very important to us. At WishList LMS we have a few fundamental principles that we follow: We don\u2019t ask you for personal information unless we truly need it. (We can\u2019t stand services that ask you for things like your gender or income level for no apparent reason.) We don\u2019t share your personal\" \/>\n\t\t<meta property=\"og:url\" content=\"https:\/\/wishlistlms.com\/de\/privacy-policy\/\" \/>\n\t\t<meta property=\"article:published_time\" content=\"2025-01-23T17:37:26+00:00\" \/>\n\t\t<meta property=\"article:modified_time\" content=\"2026-03-12T02:08:20+00:00\" \/>\n\t\t<meta name=\"twitter:card\" content=\"summary_large_image\" \/>\n\t\t<meta name=\"twitter:title\" content=\"Privacy Policy - WishList LMS\" \/>\n\t\t<meta name=\"twitter:description\" content=\"Your privacy is very important to us. At WishList LMS we have a few fundamental principles that we follow: We don\u2019t ask you for personal information unless we truly need it. (We can\u2019t stand services that ask you for things like your gender or income level for no apparent reason.) We don\u2019t share your personal\" \/>\n\t\t<script type=\"application\/ld+json\" class=\"aioseo-schema\">\n\t\t\t{\"@context\":\"https:\\\/\\\/schema.org\",\"@graph\":[{\"@type\":\"BreadcrumbList\",\"@id\":\"https:\\\/\\\/wishlistlms.com\\\/de\\\/privacy-policy\\\/#breadcrumblist\",\"itemListElement\":[{\"@type\":\"ListItem\",\"@id\":\"https:\\\/\\\/wishlistlms.com\\\/de#listItem\",\"position\":1,\"name\":\"Home\",\"item\":\"https:\\\/\\\/wishlistlms.com\\\/de\",\"nextItem\":{\"@type\":\"ListItem\",\"@id\":\"https:\\\/\\\/wishlistlms.com\\\/de\\\/privacy-policy\\\/#listItem\",\"name\":\"Privacy Policy\"}},{\"@type\":\"ListItem\",\"@id\":\"https:\\\/\\\/wishlistlms.com\\\/de\\\/privacy-policy\\\/#listItem\",\"position\":2,\"name\":\"Privacy Policy\",\"previousItem\":{\"@type\":\"ListItem\",\"@id\":\"https:\\\/\\\/wishlistlms.com\\\/de#listItem\",\"name\":\"Home\"}}]},{\"@type\":\"Organization\",\"@id\":\"https:\\\/\\\/wishlistlms.com\\\/de\\\/#organization\",\"name\":\"WishList LMS\",\"url\":\"https:\\\/\\\/wishlistlms.com\\\/de\\\/\"},{\"@type\":\"WebPage\",\"@id\":\"https:\\\/\\\/wishlistlms.com\\\/de\\\/privacy-policy\\\/#webpage\",\"url\":\"https:\\\/\\\/wishlistlms.com\\\/de\\\/privacy-policy\\\/\",\"name\":\"Privacy Policy - WishList LMS\",\"description\":\"Your privacy is very important to us. At WishList LMS we have a few fundamental principles that we follow: We don\\u2019t ask you for personal information unless we truly need it. (We can\\u2019t stand services that ask you for things like your gender or income level for no apparent reason.) We don\\u2019t share your personal\",\"inLanguage\":\"de-DE\",\"isPartOf\":{\"@id\":\"https:\\\/\\\/wishlistlms.com\\\/de\\\/#website\"},\"breadcrumb\":{\"@id\":\"https:\\\/\\\/wishlistlms.com\\\/de\\\/privacy-policy\\\/#breadcrumblist\"},\"datePublished\":\"2025-01-23T17:37:26-07:00\",\"dateModified\":\"2026-03-11T20:08:20-06:00\"},{\"@type\":\"WebSite\",\"@id\":\"https:\\\/\\\/wishlistlms.com\\\/de\\\/#website\",\"url\":\"https:\\\/\\\/wishlistlms.com\\\/de\\\/\",\"name\":\"WishList LMS\",\"inLanguage\":\"de-DE\",\"publisher\":{\"@id\":\"https:\\\/\\\/wishlistlms.com\\\/de\\\/#organization\"}}]}\n\t\t<\/script>\n\t\t<!-- All in One SEO Pro -->\r\n\t\t<title>Privacy Policy - WishList LMS<\/title>\n\n","aioseo_head_json":{"title":"Datenschutzerkl\u00e4rung - WishList LMS","description":"Ihre Privatsph\u00e4re ist uns sehr wichtig. Bei WishList LMS haben wir ein paar grundlegende Prinzipien, die wir befolgen: Wir fragen Sie nicht nach pers\u00f6nlichen Informationen, es sei denn, wir brauchen sie wirklich. (Wir k\u00f6nnen Dienste nicht ausstehen, die Sie ohne ersichtlichen Grund nach Dingen wie Ihrem Geschlecht oder Einkommensniveau fragen). Wir geben Ihre pers\u00f6nlichen Daten nicht weiter","canonical_url":"https:\/\/wishlistlms.com\/de\/privacy-policy\/","robots":"max-image-preview:large","keywords":"","webmasterTools":{"miscellaneous":""},"schema":{"@context":"https:\/\/schema.org","@graph":[{"@type":"BreadcrumbList","@id":"https:\/\/wishlistlms.com\/de\/privacy-policy\/#breadcrumblist","itemListElement":[{"@type":"ListItem","@id":"https:\/\/wishlistlms.com\/de#listItem","position":1,"name":"Home","item":"https:\/\/wishlistlms.com\/de","nextItem":{"@type":"ListItem","@id":"https:\/\/wishlistlms.com\/de\/privacy-policy\/#listItem","name":"Privacy Policy"}},{"@type":"ListItem","@id":"https:\/\/wishlistlms.com\/de\/privacy-policy\/#listItem","position":2,"name":"Privacy Policy","previousItem":{"@type":"ListItem","@id":"https:\/\/wishlistlms.com\/de#listItem","name":"Home"}}]},{"@type":"Organization","@id":"https:\/\/wishlistlms.com\/de\/#organization","name":"WishList LMS","url":"https:\/\/wishlistlms.com\/de\/"},{"@type":"WebPage","@id":"https:\/\/wishlistlms.com\/de\/privacy-policy\/#webpage","url":"https:\/\/wishlistlms.com\/de\/privacy-policy\/","name":"Privacy Policy - WishList LMS","description":"Your privacy is very important to us. At WishList LMS we have a few fundamental principles that we follow: We don\u2019t ask you for personal information unless we truly need it. (We can\u2019t stand services that ask you for things like your gender or income level for no apparent reason.) We don\u2019t share your personal","inLanguage":"de-DE","isPartOf":{"@id":"https:\/\/wishlistlms.com\/de\/#website"},"breadcrumb":{"@id":"https:\/\/wishlistlms.com\/de\/privacy-policy\/#breadcrumblist"},"datePublished":"2025-01-23T17:37:26-07:00","dateModified":"2026-03-11T20:08:20-06:00"},{"@type":"WebSite","@id":"https:\/\/wishlistlms.com\/de\/#website","url":"https:\/\/wishlistlms.com\/de\/","name":"WishList LMS","inLanguage":"de-DE","publisher":{"@id":"https:\/\/wishlistlms.com\/de\/#organization"}}]},"og:locale":"de_DE","og:site_name":"WishList LMS -","og:type":"article","og:title":"Privacy Policy - WishList LMS","og:description":"Your privacy is very important to us. At WishList LMS we have a few fundamental principles that we follow: We don\u2019t ask you for personal information unless we truly need it. (We can\u2019t stand services that ask you for things like your gender or income level for no apparent reason.) We don\u2019t share your personal","og:url":"https:\/\/wishlistlms.com\/de\/privacy-policy\/","article:published_time":"2025-01-23T17:37:26+00:00","article:modified_time":"2026-03-12T02:08:20+00:00","twitter:card":"summary_large_image","twitter:title":"Privacy Policy - WishList LMS","twitter:description":"Your privacy is very important to us. At WishList LMS we have a few fundamental principles that we follow: We don\u2019t ask you for personal information unless we truly need it. (We can\u2019t stand services that ask you for things like your gender or income level for no apparent reason.) We don\u2019t share your personal"},"aioseo_meta_data":{"post_id":"3","title":null,"description":null,"keywords":null,"keyphrases":{"focus":{"keyphrase":"","score":0,"analysis":{"keyphraseInTitle":{"score":0,"maxScore":9,"error":1}}},"additional":[]},"primary_term":null,"canonical_url":null,"og_title":null,"og_description":null,"og_object_type":"default","og_image_type":"default","og_image_url":null,"og_image_width":null,"og_image_height":null,"og_image_custom_url":null,"og_image_custom_fields":null,"og_video":"","og_custom_url":null,"og_article_section":null,"og_article_tags":null,"twitter_use_og":false,"twitter_card":"default","twitter_image_type":"default","twitter_image_url":null,"twitter_image_custom_url":null,"twitter_image_custom_fields":null,"twitter_title":null,"twitter_description":null,"schema":{"blockGraphs":[],"customGraphs":[],"default":{"data":{"Article":[],"Course":[],"Dataset":[],"FAQPage":[],"Movie":[],"Person":[],"Product":[],"ProductReview":[],"Car":[],"Recipe":[],"Service":[],"SoftwareApplication":[],"WebPage":[]},"graphName":"WebPage","isEnabled":true},"graphs":[]},"schema_type":"default","schema_type_options":null,"pillar_content":false,"robots_default":true,"robots_noindex":false,"robots_noarchive":false,"robots_nosnippet":false,"robots_nofollow":false,"robots_noimageindex":false,"robots_noodp":false,"robots_notranslate":false,"robots_max_snippet":"-1","robots_max_videopreview":"-1","robots_max_imagepreview":"large","priority":null,"frequency":"default","local_seo":null,"seo_analyzer_scan_date":"2026-03-12 02:17:44","breadcrumb_settings":null,"limit_modified_date":false,"open_ai":null,"ai":{"faqs":[],"keyPoints":[],"titles":[],"descriptions":[],"socialPosts":{"email":[],"linkedin":[],"twitter":[],"facebook":[],"instagram":[]}},"created":"2025-06-13 13:44:07","updated":"2026-03-12 02:17:44"},"aioseo_breadcrumb":"<div class=\"aioseo-breadcrumbs\"><span class=\"aioseo-breadcrumb\">\n\t<a href=\"https:\/\/wishlistlms.com\/de\" title=\"Home\">Home<\/a>\n<\/span><span class=\"aioseo-breadcrumb-separator\">&raquo;<\/span><span class=\"aioseo-breadcrumb\">\n\tPrivacy Policy\n<\/span><\/div>","aioseo_breadcrumb_json":[{"label":"Home","link":"https:\/\/wishlistlms.com\/de"},{"label":"Privacy Policy","link":"https:\/\/wishlistlms.com\/de\/privacy-policy\/"}],"_links":{"self":[{"href":"https:\/\/wishlistlms.com\/de\/wp-json\/wp\/v2\/pages\/3","targetHints":{"allow":["GET"]}}],"collection":[{"href":"https:\/\/wishlistlms.com\/de\/wp-json\/wp\/v2\/pages"}],"about":[{"href":"https:\/\/wishlistlms.com\/de\/wp-json\/wp\/v2\/types\/page"}],"author":[{"embeddable":true,"href":"https:\/\/wishlistlms.com\/de\/wp-json\/wp\/v2\/users\/3"}],"replies":[{"embeddable":true,"href":"https:\/\/wishlistlms.com\/de\/wp-json\/wp\/v2\/comments?post=3"}],"version-history":[{"count":18,"href":"https:\/\/wishlistlms.com\/de\/wp-json\/wp\/v2\/pages\/3\/revisions"}],"predecessor-version":[{"id":2314,"href":"https:\/\/wishlistlms.com\/de\/wp-json\/wp\/v2\/pages\/3\/revisions\/2314"}],"wp:attachment":[{"href":"https:\/\/wishlistlms.com\/de\/wp-json\/wp\/v2\/media?parent=3"}],"curies":[{"name":"wp","href":"https:\/\/api.w.org\/{rel}","templated":true}]}}